{"id":5198,"date":"2016-06-24T10:24:34","date_gmt":"2016-06-24T08:24:34","guid":{"rendered":"https:\/\/www.arapak.se\/?page_id=5198"},"modified":"2024-06-20T04:55:27","modified_gmt":"2024-06-20T02:55:27","slug":"planstanstar-och-limmaskiner-staper","status":"publish","type":"page","link":"https:\/\/www.arapak.se\/sv\/planstanstar-och-limmaskiner-staper\/","title":{"rendered":"Planstanstar och limmaskiner &#8211; Staper"},"content":{"rendered":"<div class=\"fusion-fullwidth fullwidth-box fusion-builder-row-1 fusion-flex-container hundred-percent-fullwidth non-hundred-percent-height-scrolling\" style=\"--awb-border-radius-top-left:0px;--awb-border-radius-top-right:0px;--awb-border-radius-bottom-right:0px;--awb-border-radius-bottom-left:0px;--awb-overflow:visible;\" ><div class=\"fusion-builder-row fusion-row fusion-flex-align-items-flex-start\" style=\"width:104% !important;max-width:104% !important;margin-left: calc(-4% \/ 2 );margin-right: calc(-4% \/ 2 );\"><div class=\"fusion-layout-column fusion_builder_column fusion-builder-column-0 fusion_builder_column_1_2 1_2 fusion-flex-column\" style=\"--awb-bg-size:cover;--awb-width-large:50%;--awb-margin-top-large:0px;--awb-spacing-right-large:3.84%;--awb-margin-bottom-large:20px;--awb-spacing-left-large:3.84%;--awb-width-medium:50%;--awb-spacing-right-medium:3.84%;--awb-spacing-left-medium:3.84%;--awb-width-small:100%;--awb-spacing-right-small:1.92%;--awb-spacing-left-small:1.92%;\"><div class=\"fusion-column-wrapper fusion-flex-justify-content-flex-start fusion-content-layout-column\"><div class=\"fusion-text fusion-text-1\"><p><img decoding=\"async\" class=\"alignnone size-full wp-image-5192\" src=\"https:\/\/www.arapak.se\/wp-content\/uploads\/2016\/06\/Enko1700-automatic-register-feeder.jpg\" alt=\"Enko1700 automatic register feeder\" width=\"1200\" height=\"677\" srcset=\"https:\/\/www.arapak.se\/wp-content\/uploads\/2016\/06\/Enko1700-automatic-register-feeder-150x85.jpg 150w, https:\/\/www.arapak.se\/wp-content\/uploads\/2016\/06\/Enko1700-automatic-register-feeder-300x169.jpg 300w, https:\/\/www.arapak.se\/wp-content\/uploads\/2016\/06\/Enko1700-automatic-register-feeder-600x339.jpg 600w, https:\/\/www.arapak.se\/wp-content\/uploads\/2016\/06\/Enko1700-automatic-register-feeder-1024x578.jpg 1024w, https:\/\/www.arapak.se\/wp-content\/uploads\/2016\/06\/Enko1700-automatic-register-feeder.jpg 1200w\" sizes=\"(max-width: 1200px) 100vw, 1200px\" \/> Stora planstansar f\u00f6r wellpapp &#8211; hel- eller halvautomatiska-\u00a0 ENKO<\/p>\n<p>Se en halv automatisk 1700-Modell:<\/p>\n<div style=\"width: 400px;\" class=\"wp-video\"><video class=\"wp-video-shortcode\" id=\"video-5198-1\" width=\"400\" height=\"300\" preload=\"metadata\" controls=\"controls\"><source type=\"video\/mp4\" src=\"https:\/\/www.arapak.se\/wp-content\/uploads\/2023\/06\/Enko-1700-semi-auto-from-20017.mp4?_=1\" \/><a href=\"https:\/\/www.arapak.se\/wp-content\/uploads\/2023\/06\/Enko-1700-semi-auto-from-20017.mp4\">https:\/\/www.arapak.se\/wp-content\/uploads\/2023\/06\/Enko-1700-semi-auto-from-20017.mp4<\/a><\/video><\/div>\n<p><a href=\"https:\/\/www.arapak.se\/wp-content\/uploads\/2024\/05\/Enko-Top-1800-for-plastic-Corrugated-3-mm.mp4\"><span style=\"color: #000080;\"><strong>Se ENKO 1700 med Topfeeder\u00a0 som k\u00f6r 3 mm plast- wellpapp:<\/strong><\/span><\/a><\/p>\n<div id=\"attachment_12903\" style=\"width: 317px\" class=\"wp-caption alignnone\"><a href=\"https:\/\/www.arapak.se\/wp-content\/uploads\/2024\/06\/Enko-Top-1800-for-plastic-Corrugated-3-mm.mp4\"><img decoding=\"async\" aria-describedby=\"caption-attachment-12903\" class=\" wp-image-12903\" src=\"https:\/\/www.arapak.se\/wp-content\/uploads\/2024\/06\/Enko-Optima-150x64.jpg\" alt=\"Enko Optima flat bed die cutter\" width=\"307\" height=\"131\" srcset=\"https:\/\/www.arapak.se\/wp-content\/uploads\/2024\/06\/Enko-Optima-150x64.jpg 150w, https:\/\/www.arapak.se\/wp-content\/uploads\/2024\/06\/Enko-Optima-200x85.jpg 200w, https:\/\/www.arapak.se\/wp-content\/uploads\/2024\/06\/Enko-Optima-300x127.jpg 300w, https:\/\/www.arapak.se\/wp-content\/uploads\/2024\/06\/Enko-Optima-400x170.jpg 400w, https:\/\/www.arapak.se\/wp-content\/uploads\/2024\/06\/Enko-Optima-500x212.jpg 500w, https:\/\/www.arapak.se\/wp-content\/uploads\/2024\/06\/Enko-Optima-600x254.jpg 600w, https:\/\/www.arapak.se\/wp-content\/uploads\/2024\/06\/Enko-Optima-700x297.jpg 700w, https:\/\/www.arapak.se\/wp-content\/uploads\/2024\/06\/Enko-Optima-800x339.jpg 800w, https:\/\/www.arapak.se\/wp-content\/uploads\/2024\/06\/Enko-Optima-940x400.jpg 940w, https:\/\/www.arapak.se\/wp-content\/uploads\/2024\/06\/Enko-Optima-1024x434.jpg 1024w, https:\/\/www.arapak.se\/wp-content\/uploads\/2024\/06\/Enko-Optima-1200x509.jpg 1200w, https:\/\/www.arapak.se\/wp-content\/uploads\/2024\/06\/Enko-Optima-1320x560.jpg 1320w, https:\/\/www.arapak.se\/wp-content\/uploads\/2024\/06\/Enko-Optima.jpg 1384w\" sizes=\"(max-width: 307px) 100vw, 307px\" \/><\/a><p id=\"caption-attachment-12903\" class=\"wp-caption-text\">Enko Optima flat bed die cutter<\/p><\/div>\n<\/div><\/div><\/div><div class=\"fusion-layout-column fusion_builder_column fusion-builder-column-1 fusion_builder_column_1_2 1_2 fusion-flex-column\" style=\"--awb-bg-size:cover;--awb-width-large:50%;--awb-margin-top-large:0px;--awb-spacing-right-large:3.84%;--awb-margin-bottom-large:20px;--awb-spacing-left-large:3.84%;--awb-width-medium:50%;--awb-spacing-right-medium:3.84%;--awb-spacing-left-medium:3.84%;--awb-width-small:100%;--awb-spacing-right-small:1.92%;--awb-spacing-left-small:1.92%;\"><div class=\"fusion-column-wrapper fusion-flex-justify-content-flex-start fusion-content-layout-column\"><div class=\"fusion-text fusion-text-2\"><p>ARAPAK representerar Staper GmbH i Norra Europa.<br \/>\nStaper \u00e4r den europeiska import\u00f6ren av maskiner fr\u00e5n Hatten Corporation i Syd-Korea.<br \/>\nNytt fr\u00e5n 2016 \u00e4r den kompakta limmaskinen, Boomerang. Staper producerar ocks\u00e5 den halvautomatiska packaren- AM 600.<\/p>\n<\/div><\/div><\/div><div class=\"fusion-layout-column fusion_builder_column fusion-builder-column-2 fusion_builder_column_1_3 1_3 fusion-flex-column\" style=\"--awb-bg-size:cover;--awb-width-large:33.333333333333%;--awb-margin-top-large:5px;--awb-spacing-right-large:5.76%;--awb-margin-bottom-large:20px;--awb-spacing-left-large:5.76%;--awb-width-medium:33.333333333333%;--awb-spacing-right-medium:5.76%;--awb-spacing-left-medium:5.76%;--awb-width-small:100%;--awb-spacing-right-small:1.92%;--awb-spacing-left-small:1.92%;\"><div class=\"fusion-column-wrapper fusion-flex-justify-content-flex-start fusion-content-layout-column\"><div class=\"fusion-text fusion-text-3\"><p style=\"text-align: center;\"><img decoding=\"async\" class=\"alignnone wp-image-5193\" src=\"https:\/\/www.arapak.se\/wp-content\/uploads\/2016\/06\/AM600.jpg\" alt=\"AM600\" width=\"241\" height=\"180\" srcset=\"https:\/\/www.arapak.se\/wp-content\/uploads\/2016\/06\/AM600-150x112.jpg 150w, https:\/\/www.arapak.se\/wp-content\/uploads\/2016\/06\/AM600-300x224.jpg 300w, https:\/\/www.arapak.se\/wp-content\/uploads\/2016\/06\/AM600.jpg 450w\" sizes=\"(max-width: 241px) 100vw, 241px\" \/><\/p>\n<p style=\"text-align: center;\">Halvautomatisk packare- AM 600<br \/>\n<strong><br \/>\n<\/strong><\/p>\n<\/div><\/div><\/div><div class=\"fusion-layout-column fusion_builder_column fusion-builder-column-3 fusion_builder_column_1_4 1_4 fusion-flex-column\" style=\"--awb-bg-size:cover;--awb-width-large:25%;--awb-margin-top-large:0px;--awb-spacing-right-large:7.68%;--awb-margin-bottom-large:20px;--awb-spacing-left-large:7.68%;--awb-width-medium:25%;--awb-spacing-right-medium:7.68%;--awb-spacing-left-medium:7.68%;--awb-width-small:100%;--awb-spacing-right-small:1.92%;--awb-spacing-left-small:1.92%;\"><div class=\"fusion-column-wrapper fusion-flex-justify-content-flex-start fusion-content-layout-column\"><div class=\"fusion-text fusion-text-4\"><p style=\"text-align: center;\"><img decoding=\"async\" class=\"alignnone size-full wp-image-5194\" src=\"https:\/\/www.arapak.se\/wp-content\/uploads\/2016\/06\/Deko1.jpg\" alt=\"Deko1\" width=\"500\" height=\"366\" srcset=\"https:\/\/www.arapak.se\/wp-content\/uploads\/2016\/06\/Deko1-150x110.jpg 150w, https:\/\/www.arapak.se\/wp-content\/uploads\/2016\/06\/Deko1-220x161.jpg 220w, https:\/\/www.arapak.se\/wp-content\/uploads\/2016\/06\/Deko1-300x220.jpg 300w, https:\/\/www.arapak.se\/wp-content\/uploads\/2016\/06\/Deko1.jpg 500w\" sizes=\"(max-width: 500px) 100vw, 500px\" \/><\/p>\n<p style=\"text-align: center;\">Planstans i halvformat-\u00a0 max 60&#215;82- DEKO 79<\/p>\n<\/div><\/div><\/div><div class=\"fusion-layout-column fusion_builder_column fusion-builder-column-4 fusion_builder_column_1_3 1_3 fusion-flex-column\" style=\"--awb-bg-size:cover;--awb-width-large:33.333333333333%;--awb-margin-top-large:15px;--awb-spacing-right-large:5.76%;--awb-margin-bottom-large:20px;--awb-spacing-left-large:5.76%;--awb-width-medium:33.333333333333%;--awb-spacing-right-medium:5.76%;--awb-spacing-left-medium:5.76%;--awb-width-small:100%;--awb-spacing-right-small:1.92%;--awb-spacing-left-small:1.92%;\"><div class=\"fusion-column-wrapper fusion-flex-justify-content-flex-start fusion-content-layout-column\"><div class=\"fusion-text fusion-text-5\"><p style=\"text-align: center;\"><img decoding=\"async\" class=\"alignnone size-full wp-image-5195\" src=\"https:\/\/www.arapak.se\/wp-content\/uploads\/2016\/06\/Boomerang-folder-gluer-1.jpg\" alt=\"Boomerang folder gluer 1\" width=\"538\" height=\"263\" srcset=\"https:\/\/www.arapak.se\/wp-content\/uploads\/2016\/06\/Boomerang-folder-gluer-1-150x73.jpg 150w, https:\/\/www.arapak.se\/wp-content\/uploads\/2016\/06\/Boomerang-folder-gluer-1-300x147.jpg 300w, https:\/\/www.arapak.se\/wp-content\/uploads\/2016\/06\/Boomerang-folder-gluer-1.jpg 538w\" sizes=\"(max-width: 538px) 100vw, 538px\" \/><\/p>\n<p style=\"text-align: center;\">Kompakt kapsellimningsmaskin &#8211; <em>Boomerang<br \/>\n<\/em>Arbetsbredder &#8211; 400, 500 eller 600 mm.<br \/>\nEndast 6m l\u00e5ng.<br \/>\nPressmattan l\u00f6per i retur under maskinen.<br \/>\nF\u00f6r raklimmat+ snabbotten.<\/p>\n<div style=\"width: 640px;\" class=\"wp-video\"><video class=\"wp-video-shortcode\" id=\"video-5198-2\" width=\"640\" height=\"480\" preload=\"metadata\" controls=\"controls\"><source type=\"video\/mp4\" src=\"https:\/\/www.arapak.se\/wp-content\/uploads\/2024\/06\/Boomerang-folder-gluer-LB.mp4?_=2\" \/><a href=\"https:\/\/www.arapak.se\/wp-content\/uploads\/2024\/06\/Boomerang-folder-gluer-LB.mp4\">https:\/\/www.arapak.se\/wp-content\/uploads\/2024\/06\/Boomerang-folder-gluer-LB.mp4<\/a><\/video><\/div>\n<p style=\"text-align: center;\"><strong>\u00a0<\/strong><\/p>\n<\/div><\/div><\/div><\/div><\/div>\n","protected":false},"excerpt":{"rendered":"","protected":false},"author":1,"featured_media":0,"parent":0,"menu_order":0,"comment_status":"closed","ping_status":"closed","template":"","meta":{"footnotes":""},"class_list":["post-5198","page","type-page","status-publish","hentry"],"yoast_head":"<!-- This site is optimized with the Yoast SEO plugin v23.8 - https:\/\/yoast.com\/wordpress\/plugins\/seo\/ -->\n<title>Planstanstar och limmaskiner - Staper<\/title>\n<meta name=\"description\" content=\"Kvalitetsstansar fr\u00e5n Sydkorea av m\u00e4rke ENKO. Limmaskiner och utrustning f\u00f6r kartongkonverteringsindustrin.\" \/>\n<meta name=\"robots\" content=\"index, follow, max-snippet:-1, max-image-preview:large, max-video-preview:-1\" \/>\n<link rel=\"canonical\" href=\"https:\/\/www.arapak.se\/sv\/planstanstar-och-limmaskiner-staper\/\" \/>\n<meta property=\"og:locale\" content=\"sv_SE\" \/>\n<meta property=\"og:type\" content=\"article\" \/>\n<meta property=\"og:title\" content=\"Planstanstar och limmaskiner - Staper\" \/>\n<meta property=\"og:description\" content=\"Kvalitetsstansar fr\u00e5n Sydkorea av m\u00e4rke ENKO. Limmaskiner och utrustning f\u00f6r kartongkonverteringsindustrin.\" \/>\n<meta property=\"og:url\" content=\"https:\/\/www.arapak.se\/sv\/planstanstar-och-limmaskiner-staper\/\" \/>\n<meta property=\"og:site_name\" content=\"Arapak\" \/>\n<meta property=\"article:modified_time\" content=\"2024-06-20T02:55:27+00:00\" \/>\n<meta property=\"og:image\" content=\"https:\/\/www.arapak.se\/wp-content\/uploads\/2016\/06\/Enko1700-automatic-register-feeder.jpg\" \/>\n<meta name=\"twitter:card\" content=\"summary_large_image\" \/>\n<meta name=\"twitter:label1\" content=\"Ber\u00e4knad l\u00e4stid\" \/>\n\t<meta name=\"twitter:data1\" content=\"3 minuter\" \/>\n<script type=\"application\/ld+json\" class=\"yoast-schema-graph\">{\"@context\":\"https:\/\/schema.org\",\"@graph\":[{\"@type\":\"WebPage\",\"@id\":\"https:\/\/www.arapak.se\/sv\/planstanstar-och-limmaskiner-staper\/\",\"url\":\"https:\/\/www.arapak.se\/sv\/planstanstar-och-limmaskiner-staper\/\",\"name\":\"Planstanstar och limmaskiner - Staper\",\"isPartOf\":{\"@id\":\"https:\/\/www.arapak.se\/#website\"},\"primaryImageOfPage\":{\"@id\":\"https:\/\/www.arapak.se\/sv\/planstanstar-och-limmaskiner-staper\/#primaryimage\"},\"image\":{\"@id\":\"https:\/\/www.arapak.se\/sv\/planstanstar-och-limmaskiner-staper\/#primaryimage\"},\"thumbnailUrl\":\"https:\/\/www.arapak.se\/wp-content\/uploads\/2016\/06\/Enko1700-automatic-register-feeder.jpg\",\"datePublished\":\"2016-06-24T08:24:34+00:00\",\"dateModified\":\"2024-06-20T02:55:27+00:00\",\"description\":\"Kvalitetsstansar fr\u00e5n Sydkorea av m\u00e4rke ENKO. Limmaskiner och utrustning f\u00f6r kartongkonverteringsindustrin.\",\"breadcrumb\":{\"@id\":\"https:\/\/www.arapak.se\/sv\/planstanstar-och-limmaskiner-staper\/#breadcrumb\"},\"inLanguage\":\"sv-SE\",\"potentialAction\":[{\"@type\":\"ReadAction\",\"target\":[\"https:\/\/www.arapak.se\/sv\/planstanstar-och-limmaskiner-staper\/\"]}]},{\"@type\":\"ImageObject\",\"inLanguage\":\"sv-SE\",\"@id\":\"https:\/\/www.arapak.se\/sv\/planstanstar-och-limmaskiner-staper\/#primaryimage\",\"url\":\"https:\/\/www.arapak.se\/wp-content\/uploads\/2016\/06\/Enko1700-automatic-register-feeder.jpg\",\"contentUrl\":\"https:\/\/www.arapak.se\/wp-content\/uploads\/2016\/06\/Enko1700-automatic-register-feeder.jpg\"},{\"@type\":\"BreadcrumbList\",\"@id\":\"https:\/\/www.arapak.se\/sv\/planstanstar-och-limmaskiner-staper\/#breadcrumb\",\"itemListElement\":[{\"@type\":\"ListItem\",\"position\":1,\"name\":\"Home\",\"item\":\"https:\/\/www.arapak.se\/sv\/\"},{\"@type\":\"ListItem\",\"position\":2,\"name\":\"Planstanstar och limmaskiner &#8211; Staper\"}]},{\"@type\":\"WebSite\",\"@id\":\"https:\/\/www.arapak.se\/#website\",\"url\":\"https:\/\/www.arapak.se\/\",\"name\":\"Arapak\",\"description\":\"New and second hand machines for the converting of Paper, Foil, Folding Carton and Corrugated.\",\"potentialAction\":[{\"@type\":\"SearchAction\",\"target\":{\"@type\":\"EntryPoint\",\"urlTemplate\":\"https:\/\/www.arapak.se\/?s={search_term_string}\"},\"query-input\":{\"@type\":\"PropertyValueSpecification\",\"valueRequired\":true,\"valueName\":\"search_term_string\"}}],\"inLanguage\":\"sv-SE\"}]}<\/script>\n<!-- \/ Yoast SEO plugin. -->","yoast_head_json":{"title":"Planstanstar och limmaskiner - Staper","description":"Kvalitetsstansar fr\u00e5n Sydkorea av m\u00e4rke ENKO. Limmaskiner och utrustning f\u00f6r kartongkonverteringsindustrin.","robots":{"index":"index","follow":"follow","max-snippet":"max-snippet:-1","max-image-preview":"max-image-preview:large","max-video-preview":"max-video-preview:-1"},"canonical":"https:\/\/www.arapak.se\/sv\/planstanstar-och-limmaskiner-staper\/","og_locale":"sv_SE","og_type":"article","og_title":"Planstanstar och limmaskiner - Staper","og_description":"Kvalitetsstansar fr\u00e5n Sydkorea av m\u00e4rke ENKO. Limmaskiner och utrustning f\u00f6r kartongkonverteringsindustrin.","og_url":"https:\/\/www.arapak.se\/sv\/planstanstar-och-limmaskiner-staper\/","og_site_name":"Arapak","article_modified_time":"2024-06-20T02:55:27+00:00","og_image":[{"url":"https:\/\/www.arapak.se\/wp-content\/uploads\/2016\/06\/Enko1700-automatic-register-feeder.jpg"}],"twitter_card":"summary_large_image","twitter_misc":{"Ber\u00e4knad l\u00e4stid":"3 minuter"},"schema":{"@context":"https:\/\/schema.org","@graph":[{"@type":"WebPage","@id":"https:\/\/www.arapak.se\/sv\/planstanstar-och-limmaskiner-staper\/","url":"https:\/\/www.arapak.se\/sv\/planstanstar-och-limmaskiner-staper\/","name":"Planstanstar och limmaskiner - Staper","isPartOf":{"@id":"https:\/\/www.arapak.se\/#website"},"primaryImageOfPage":{"@id":"https:\/\/www.arapak.se\/sv\/planstanstar-och-limmaskiner-staper\/#primaryimage"},"image":{"@id":"https:\/\/www.arapak.se\/sv\/planstanstar-och-limmaskiner-staper\/#primaryimage"},"thumbnailUrl":"https:\/\/www.arapak.se\/wp-content\/uploads\/2016\/06\/Enko1700-automatic-register-feeder.jpg","datePublished":"2016-06-24T08:24:34+00:00","dateModified":"2024-06-20T02:55:27+00:00","description":"Kvalitetsstansar fr\u00e5n Sydkorea av m\u00e4rke ENKO. Limmaskiner och utrustning f\u00f6r kartongkonverteringsindustrin.","breadcrumb":{"@id":"https:\/\/www.arapak.se\/sv\/planstanstar-och-limmaskiner-staper\/#breadcrumb"},"inLanguage":"sv-SE","potentialAction":[{"@type":"ReadAction","target":["https:\/\/www.arapak.se\/sv\/planstanstar-och-limmaskiner-staper\/"]}]},{"@type":"ImageObject","inLanguage":"sv-SE","@id":"https:\/\/www.arapak.se\/sv\/planstanstar-och-limmaskiner-staper\/#primaryimage","url":"https:\/\/www.arapak.se\/wp-content\/uploads\/2016\/06\/Enko1700-automatic-register-feeder.jpg","contentUrl":"https:\/\/www.arapak.se\/wp-content\/uploads\/2016\/06\/Enko1700-automatic-register-feeder.jpg"},{"@type":"BreadcrumbList","@id":"https:\/\/www.arapak.se\/sv\/planstanstar-och-limmaskiner-staper\/#breadcrumb","itemListElement":[{"@type":"ListItem","position":1,"name":"Home","item":"https:\/\/www.arapak.se\/sv\/"},{"@type":"ListItem","position":2,"name":"Planstanstar och limmaskiner &#8211; Staper"}]},{"@type":"WebSite","@id":"https:\/\/www.arapak.se\/#website","url":"https:\/\/www.arapak.se\/","name":"Arapak","description":"New and second hand machines for the converting of Paper, Foil, Folding Carton and Corrugated.","potentialAction":[{"@type":"SearchAction","target":{"@type":"EntryPoint","urlTemplate":"https:\/\/www.arapak.se\/?s={search_term_string}"},"query-input":{"@type":"PropertyValueSpecification","valueRequired":true,"valueName":"search_term_string"}}],"inLanguage":"sv-SE"}]}},"_links":{"self":[{"href":"https:\/\/www.arapak.se\/sv\/wp-json\/wp\/v2\/pages\/5198","targetHints":{"allow":["GET"]}}],"collection":[{"href":"https:\/\/www.arapak.se\/sv\/wp-json\/wp\/v2\/pages"}],"about":[{"href":"https:\/\/www.arapak.se\/sv\/wp-json\/wp\/v2\/types\/page"}],"author":[{"embeddable":true,"href":"https:\/\/www.arapak.se\/sv\/wp-json\/wp\/v2\/users\/1"}],"replies":[{"embeddable":true,"href":"https:\/\/www.arapak.se\/sv\/wp-json\/wp\/v2\/comments?post=5198"}],"version-history":[{"count":11,"href":"https:\/\/www.arapak.se\/sv\/wp-json\/wp\/v2\/pages\/5198\/revisions"}],"predecessor-version":[{"id":12925,"href":"https:\/\/www.arapak.se\/sv\/wp-json\/wp\/v2\/pages\/5198\/revisions\/12925"}],"wp:attachment":[{"href":"https:\/\/www.arapak.se\/sv\/wp-json\/wp\/v2\/media?parent=5198"}],"curies":[{"name":"wp","href":"https:\/\/api.w.org\/{rel}","templated":true}]}}