{"id":4368,"date":"2016-05-08T12:31:01","date_gmt":"2016-05-08T10:31:01","guid":{"rendered":"https:\/\/www.arapak.se\/tuenkersgmbh-2\/"},"modified":"2023-06-02T07:18:39","modified_gmt":"2023-06-02T05:18:39","slug":"halvautomatiska-packmaskiner-och-div-limutrustning-tunkers","status":"publish","type":"page","link":"https:\/\/www.arapak.se\/sv\/halvautomatiska-packmaskiner-och-div-limutrustning-tunkers\/","title":{"rendered":"Halvautomatiska packmaskiner och div. limutrustning &#8211; T\u00fcnkers"},"content":{"rendered":"<div class=\"fusion-fullwidth fullwidth-box fusion-builder-row-1 fusion-flex-container hundred-percent-fullwidth non-hundred-percent-height-scrolling\" style=\"--awb-border-radius-top-left:0px;--awb-border-radius-top-right:0px;--awb-border-radius-bottom-right:0px;--awb-border-radius-bottom-left:0px;--awb-overflow:visible;\" ><div class=\"fusion-builder-row fusion-row fusion-flex-align-items-flex-start\" style=\"width:104% !important;max-width:104% !important;margin-left: calc(-4% \/ 2 );margin-right: calc(-4% \/ 2 );\"><div class=\"fusion-layout-column fusion_builder_column fusion-builder-column-0 fusion_builder_column_1_2 1_2 fusion-flex-column\" style=\"--awb-bg-size:cover;--awb-width-large:50%;--awb-margin-top-large:0px;--awb-spacing-right-large:3.84%;--awb-margin-bottom-large:20px;--awb-spacing-left-large:3.84%;--awb-width-medium:50%;--awb-spacing-right-medium:3.84%;--awb-spacing-left-medium:3.84%;--awb-width-small:100%;--awb-spacing-right-small:1.92%;--awb-spacing-left-small:1.92%;\"><div class=\"fusion-column-wrapper fusion-flex-justify-content-flex-start fusion-content-layout-column\"><div class=\"fusion-text fusion-text-1\"><h3>Halvautomatiska packmaskiner och div. limutrustning &#8211; T\u00fcnkers<\/h3>\n<p style=\"text-align: center;\"><img decoding=\"async\" class=\"alignnone size-full wp-image-4359\" src=\"https:\/\/www.arapak.se\/wp-content\/uploads\/2016\/05\/Tufas600U.jpg\" alt=\"Tufas600U\" width=\"1500\" height=\"699\" srcset=\"https:\/\/www.arapak.se\/wp-content\/uploads\/2016\/05\/Tufas600U-300x140.jpg 300w, https:\/\/www.arapak.se\/wp-content\/uploads\/2016\/05\/Tufas600U-600x280.jpg 600w, https:\/\/www.arapak.se\/wp-content\/uploads\/2016\/05\/Tufas600U-768x358.jpg 768w, https:\/\/www.arapak.se\/wp-content\/uploads\/2016\/05\/Tufas600U-1024x477.jpg 1024w, https:\/\/www.arapak.se\/wp-content\/uploads\/2016\/05\/Tufas600U.jpg 1500w\" sizes=\"(max-width: 1500px) 100vw, 1500px\" \/><br \/>\nHalvautomatisk packare FAS 600<\/p>\n<\/div><\/div><\/div><div class=\"fusion-layout-column fusion_builder_column fusion-builder-column-1 fusion_builder_column_1_2 1_2 fusion-flex-column\" style=\"--awb-bg-size:cover;--awb-width-large:50%;--awb-margin-top-large:0px;--awb-spacing-right-large:3.84%;--awb-margin-bottom-large:20px;--awb-spacing-left-large:3.84%;--awb-width-medium:50%;--awb-spacing-right-medium:3.84%;--awb-spacing-left-medium:3.84%;--awb-width-small:100%;--awb-spacing-right-small:1.92%;--awb-spacing-left-small:1.92%;\"><div class=\"fusion-column-wrapper fusion-flex-justify-content-flex-start fusion-content-layout-column\"><div class=\"fusion-text fusion-text-2\"><p>ARAPAK representerar <em>T\u00fcnkers<\/em> fr\u00e5n Tyskland i Skandinavien .<\/p>\n<p>&nbsp;<\/p>\n<p>T\u00fcnkers har ett program av anlimningsmaskiner f\u00f6r att limma ex. etiketter.<\/p>\n<p><em>Etikettlimningsmaskin Liliput <\/em> l\u00e4gger p\u00e5 vattenbaserat lim p\u00e5 ark med ett valsssystem. Finns i bredderna 150, 250, 350, 210, 420, 500.<br \/>\n<a href=\"https:\/\/www.arapak.se\/pdf\/Liliput%20gluer.pdf\">Tekniska data<\/a><\/p>\n<p>Breda anlimmare Z8 f\u00f6r bredder 800 eller 1000 mm<br \/>\n<a href=\"https:\/\/www.arapak.se\/pdf\/Glueing%20machine%20z8.pdf\">Tekniskal data<\/a><\/p>\n<p><em>Kantlimmare KBA<\/em><br \/>\n<a href=\"https:\/\/www.arapak.se\/pdf\/EDGE%20GLUER%20KBA.pdf\">Tekniska<\/a><a href=\"https:\/\/www.arapak.se\/pdf\/EDGE%20GLUER%20KBA.pdf\"> data <\/a><br \/>\n<em>M\u00f6nsterlimmare UAM<\/em><br \/>\n<a href=\"https:\/\/www.arapak.se\/pdf\/Glueing%20machine%20UAM%201120%201400.pdf\">Tekniska data <\/a><\/p>\n<p><em>Halvautomatisk packare FAS 480 resp<span style=\"text-decoration: underline;\"><span style=\"color: #3366ff; text-decoration: underline;\"> <a style=\"color: #3366ff; text-decoration: underline;\" href=\"https:\/\/youtu.be\/l69SzkRarzU\">FAS 600 (video) <\/a><\/span><\/span><br \/>\n<a href=\"https:\/\/www.arapak.se\/pdf\/FAS480%20packare.pdf\">Tekniska data <\/a> <\/em><\/p>\n<p>Vi tillhandah\u00e5ller ocks\u00e5 reservdelar f\u00f6r T\u00fcnkers kascheringsmaskiner.<\/p>\n<\/div><\/div><\/div><div class=\"fusion-layout-column fusion_builder_column fusion-builder-column-2 fusion_builder_column_1_3 1_3 fusion-flex-column\" style=\"--awb-bg-size:cover;--awb-width-large:33.333333333333%;--awb-margin-top-large:120px;--awb-spacing-right-large:5.76%;--awb-margin-bottom-large:20px;--awb-spacing-left-large:5.76%;--awb-width-medium:33.333333333333%;--awb-spacing-right-medium:5.76%;--awb-spacing-left-medium:5.76%;--awb-width-small:100%;--awb-spacing-right-small:1.92%;--awb-spacing-left-small:1.92%;\"><div class=\"fusion-column-wrapper fusion-flex-justify-content-flex-start fusion-content-layout-column\"><div class=\"fusion-text fusion-text-3\"><p style=\"text-align: center;\">\u00a0<img decoding=\"async\" class=\"alignnone size-full wp-image-4360\" src=\"https:\/\/www.arapak.se\/wp-content\/uploads\/2016\/05\/Liliput-lim.jpg\" alt=\"Liliput lim\" width=\"721\" height=\"451\" srcset=\"https:\/\/www.arapak.se\/wp-content\/uploads\/2016\/05\/Liliput-lim-300x188.jpg 300w, https:\/\/www.arapak.se\/wp-content\/uploads\/2016\/05\/Liliput-lim-600x375.jpg 600w, https:\/\/www.arapak.se\/wp-content\/uploads\/2016\/05\/Liliput-lim.jpg 721w\" sizes=\"(max-width: 721px) 100vw, 721px\" \/><br \/>\nLiliput etikettlimmare<\/p>\n<\/div><\/div><\/div><div class=\"fusion-layout-column fusion_builder_column fusion-builder-column-3 fusion_builder_column_1_3 1_3 fusion-flex-column\" style=\"--awb-bg-size:cover;--awb-width-large:33.333333333333%;--awb-margin-top-large:120px;--awb-spacing-right-large:5.76%;--awb-margin-bottom-large:20px;--awb-spacing-left-large:5.76%;--awb-width-medium:33.333333333333%;--awb-spacing-right-medium:5.76%;--awb-spacing-left-medium:5.76%;--awb-width-small:100%;--awb-spacing-right-small:1.92%;--awb-spacing-left-small:1.92%;\"><div class=\"fusion-column-wrapper fusion-flex-justify-content-flex-start fusion-content-layout-column\"><div class=\"fusion-text fusion-text-4\"><p><img decoding=\"async\" class=\"alignnone size-full wp-image-4361\" src=\"https:\/\/www.arapak.se\/wp-content\/uploads\/2016\/05\/Tuenkers-edge-gluer-KBA.jpg\" alt=\"Tuenkers edge gluer KBA\" width=\"922\" height=\"633\" srcset=\"https:\/\/www.arapak.se\/wp-content\/uploads\/2016\/05\/Tuenkers-edge-gluer-KBA-300x206.jpg 300w, https:\/\/www.arapak.se\/wp-content\/uploads\/2016\/05\/Tuenkers-edge-gluer-KBA-600x412.jpg 600w, https:\/\/www.arapak.se\/wp-content\/uploads\/2016\/05\/Tuenkers-edge-gluer-KBA-768x527.jpg 768w, https:\/\/www.arapak.se\/wp-content\/uploads\/2016\/05\/Tuenkers-edge-gluer-KBA.jpg 922w\" sizes=\"(max-width: 922px) 100vw, 922px\" \/>Kantlimmare KBA<strong><br \/>\n<\/strong><\/p>\n<\/div><\/div><\/div><div class=\"fusion-layout-column fusion_builder_column fusion-builder-column-4 fusion_builder_column_1_3 1_3 fusion-flex-column\" style=\"--awb-bg-size:cover;--awb-width-large:33.333333333333%;--awb-margin-top-large:0px;--awb-spacing-right-large:5.76%;--awb-margin-bottom-large:20px;--awb-spacing-left-large:5.76%;--awb-width-medium:33.333333333333%;--awb-spacing-right-medium:5.76%;--awb-spacing-left-medium:5.76%;--awb-width-small:100%;--awb-spacing-right-small:1.92%;--awb-spacing-left-small:1.92%;\"><div class=\"fusion-column-wrapper fusion-flex-justify-content-flex-start fusion-content-layout-column\"><div class=\"fusion-text fusion-text-5\"><p style=\"text-align: center;\"><img decoding=\"async\" class=\"alignnone size-full wp-image-4362\" src=\"https:\/\/www.arapak.se\/wp-content\/uploads\/2016\/05\/TuenkersUAM.jpg\" alt=\"TuenkersUAM\" width=\"800\" height=\"793\" srcset=\"https:\/\/www.arapak.se\/wp-content\/uploads\/2016\/05\/TuenkersUAM-66x66.jpg 66w, https:\/\/www.arapak.se\/wp-content\/uploads\/2016\/05\/TuenkersUAM-150x150.jpg 150w, https:\/\/www.arapak.se\/wp-content\/uploads\/2016\/05\/TuenkersUAM-300x297.jpg 300w, https:\/\/www.arapak.se\/wp-content\/uploads\/2016\/05\/TuenkersUAM-600x595.jpg 600w, https:\/\/www.arapak.se\/wp-content\/uploads\/2016\/05\/TuenkersUAM-768x761.jpg 768w, https:\/\/www.arapak.se\/wp-content\/uploads\/2016\/05\/TuenkersUAM.jpg 800w\" sizes=\"(max-width: 800px) 100vw, 800px\" \/><\/p>\n<p style=\"text-align: center;\">UAM M\u00f6nsterlimmare<\/p>\n<\/div><\/div><\/div><\/div><\/div>\n","protected":false},"excerpt":{"rendered":"","protected":false},"author":1,"featured_media":0,"parent":0,"menu_order":0,"comment_status":"closed","ping_status":"closed","template":"","meta":{"footnotes":""},"class_list":["post-4368","page","type-page","status-publish","hentry"],"yoast_head":"<!-- This site is optimized with the Yoast SEO plugin v23.8 - https:\/\/yoast.com\/wordpress\/plugins\/seo\/ -->\n<title>Halvautomatiska packmaskiner och div. limutrustning - T\u00fcnkers<\/title>\n<meta name=\"description\" content=\"Leverant\u00f6r av halvautomatiska packare att placeras efter limmaskinen. Man tillverkar \u00e4ven kascheringsmaskiner och speciella anlimningsmaskiner Liliput. Reservdelar f\u00f6r befintliga kascheringsmaskiner Vorw\u00e4rts\/Forward.\" \/>\n<meta name=\"robots\" content=\"index, follow, max-snippet:-1, max-image-preview:large, max-video-preview:-1\" \/>\n<link rel=\"canonical\" href=\"https:\/\/www.arapak.se\/sv\/halvautomatiska-packmaskiner-och-div-limutrustning-tunkers\/\" \/>\n<meta property=\"og:locale\" content=\"sv_SE\" \/>\n<meta property=\"og:type\" content=\"article\" \/>\n<meta property=\"og:title\" content=\"Halvautomatiska packmaskiner och div. limutrustning - T\u00fcnkers\" \/>\n<meta property=\"og:description\" content=\"Leverant\u00f6r av halvautomatiska packare att placeras efter limmaskinen. Man tillverkar \u00e4ven kascheringsmaskiner och speciella anlimningsmaskiner Liliput. Reservdelar f\u00f6r befintliga kascheringsmaskiner Vorw\u00e4rts\/Forward.\" \/>\n<meta property=\"og:url\" content=\"https:\/\/www.arapak.se\/sv\/halvautomatiska-packmaskiner-och-div-limutrustning-tunkers\/\" \/>\n<meta property=\"og:site_name\" content=\"Arapak\" \/>\n<meta property=\"article:modified_time\" content=\"2023-06-02T05:18:39+00:00\" \/>\n<meta property=\"og:image\" content=\"https:\/\/www.arapak.se\/wp-content\/uploads\/2016\/05\/Tufas600U.jpg\" \/>\n<meta name=\"twitter:card\" content=\"summary_large_image\" \/>\n<meta name=\"twitter:label1\" content=\"Ber\u00e4knad l\u00e4stid\" \/>\n\t<meta name=\"twitter:data1\" content=\"2 minuter\" \/>\n<script type=\"application\/ld+json\" class=\"yoast-schema-graph\">{\"@context\":\"https:\/\/schema.org\",\"@graph\":[{\"@type\":\"WebPage\",\"@id\":\"https:\/\/www.arapak.se\/sv\/halvautomatiska-packmaskiner-och-div-limutrustning-tunkers\/\",\"url\":\"https:\/\/www.arapak.se\/sv\/halvautomatiska-packmaskiner-och-div-limutrustning-tunkers\/\",\"name\":\"Halvautomatiska packmaskiner och div. limutrustning - T\u00fcnkers\",\"isPartOf\":{\"@id\":\"https:\/\/www.arapak.se\/#website\"},\"primaryImageOfPage\":{\"@id\":\"https:\/\/www.arapak.se\/sv\/halvautomatiska-packmaskiner-och-div-limutrustning-tunkers\/#primaryimage\"},\"image\":{\"@id\":\"https:\/\/www.arapak.se\/sv\/halvautomatiska-packmaskiner-och-div-limutrustning-tunkers\/#primaryimage\"},\"thumbnailUrl\":\"https:\/\/www.arapak.se\/wp-content\/uploads\/2016\/05\/Tufas600U.jpg\",\"datePublished\":\"2016-05-08T10:31:01+00:00\",\"dateModified\":\"2023-06-02T05:18:39+00:00\",\"description\":\"Leverant\u00f6r av halvautomatiska packare att placeras efter limmaskinen. Man tillverkar \u00e4ven kascheringsmaskiner och speciella anlimningsmaskiner Liliput. Reservdelar f\u00f6r befintliga kascheringsmaskiner Vorw\u00e4rts\/Forward.\",\"breadcrumb\":{\"@id\":\"https:\/\/www.arapak.se\/sv\/halvautomatiska-packmaskiner-och-div-limutrustning-tunkers\/#breadcrumb\"},\"inLanguage\":\"sv-SE\",\"potentialAction\":[{\"@type\":\"ReadAction\",\"target\":[\"https:\/\/www.arapak.se\/sv\/halvautomatiska-packmaskiner-och-div-limutrustning-tunkers\/\"]}]},{\"@type\":\"ImageObject\",\"inLanguage\":\"sv-SE\",\"@id\":\"https:\/\/www.arapak.se\/sv\/halvautomatiska-packmaskiner-och-div-limutrustning-tunkers\/#primaryimage\",\"url\":\"https:\/\/www.arapak.se\/wp-content\/uploads\/2016\/05\/Tufas600U.jpg\",\"contentUrl\":\"https:\/\/www.arapak.se\/wp-content\/uploads\/2016\/05\/Tufas600U.jpg\"},{\"@type\":\"BreadcrumbList\",\"@id\":\"https:\/\/www.arapak.se\/sv\/halvautomatiska-packmaskiner-och-div-limutrustning-tunkers\/#breadcrumb\",\"itemListElement\":[{\"@type\":\"ListItem\",\"position\":1,\"name\":\"Home\",\"item\":\"https:\/\/www.arapak.se\/sv\/\"},{\"@type\":\"ListItem\",\"position\":2,\"name\":\"Halvautomatiska packmaskiner och div. limutrustning &#8211; T\u00fcnkers\"}]},{\"@type\":\"WebSite\",\"@id\":\"https:\/\/www.arapak.se\/#website\",\"url\":\"https:\/\/www.arapak.se\/\",\"name\":\"Arapak\",\"description\":\"New and second hand machines for the converting of Paper, Foil, Folding Carton and Corrugated.\",\"potentialAction\":[{\"@type\":\"SearchAction\",\"target\":{\"@type\":\"EntryPoint\",\"urlTemplate\":\"https:\/\/www.arapak.se\/?s={search_term_string}\"},\"query-input\":{\"@type\":\"PropertyValueSpecification\",\"valueRequired\":true,\"valueName\":\"search_term_string\"}}],\"inLanguage\":\"sv-SE\"}]}<\/script>\n<!-- \/ Yoast SEO plugin. -->","yoast_head_json":{"title":"Halvautomatiska packmaskiner och div. limutrustning - T\u00fcnkers","description":"Leverant\u00f6r av halvautomatiska packare att placeras efter limmaskinen. Man tillverkar \u00e4ven kascheringsmaskiner och speciella anlimningsmaskiner Liliput. Reservdelar f\u00f6r befintliga kascheringsmaskiner Vorw\u00e4rts\/Forward.","robots":{"index":"index","follow":"follow","max-snippet":"max-snippet:-1","max-image-preview":"max-image-preview:large","max-video-preview":"max-video-preview:-1"},"canonical":"https:\/\/www.arapak.se\/sv\/halvautomatiska-packmaskiner-och-div-limutrustning-tunkers\/","og_locale":"sv_SE","og_type":"article","og_title":"Halvautomatiska packmaskiner och div. limutrustning - T\u00fcnkers","og_description":"Leverant\u00f6r av halvautomatiska packare att placeras efter limmaskinen. Man tillverkar \u00e4ven kascheringsmaskiner och speciella anlimningsmaskiner Liliput. Reservdelar f\u00f6r befintliga kascheringsmaskiner Vorw\u00e4rts\/Forward.","og_url":"https:\/\/www.arapak.se\/sv\/halvautomatiska-packmaskiner-och-div-limutrustning-tunkers\/","og_site_name":"Arapak","article_modified_time":"2023-06-02T05:18:39+00:00","og_image":[{"url":"https:\/\/www.arapak.se\/wp-content\/uploads\/2016\/05\/Tufas600U.jpg"}],"twitter_card":"summary_large_image","twitter_misc":{"Ber\u00e4knad l\u00e4stid":"2 minuter"},"schema":{"@context":"https:\/\/schema.org","@graph":[{"@type":"WebPage","@id":"https:\/\/www.arapak.se\/sv\/halvautomatiska-packmaskiner-och-div-limutrustning-tunkers\/","url":"https:\/\/www.arapak.se\/sv\/halvautomatiska-packmaskiner-och-div-limutrustning-tunkers\/","name":"Halvautomatiska packmaskiner och div. limutrustning - T\u00fcnkers","isPartOf":{"@id":"https:\/\/www.arapak.se\/#website"},"primaryImageOfPage":{"@id":"https:\/\/www.arapak.se\/sv\/halvautomatiska-packmaskiner-och-div-limutrustning-tunkers\/#primaryimage"},"image":{"@id":"https:\/\/www.arapak.se\/sv\/halvautomatiska-packmaskiner-och-div-limutrustning-tunkers\/#primaryimage"},"thumbnailUrl":"https:\/\/www.arapak.se\/wp-content\/uploads\/2016\/05\/Tufas600U.jpg","datePublished":"2016-05-08T10:31:01+00:00","dateModified":"2023-06-02T05:18:39+00:00","description":"Leverant\u00f6r av halvautomatiska packare att placeras efter limmaskinen. Man tillverkar \u00e4ven kascheringsmaskiner och speciella anlimningsmaskiner Liliput. Reservdelar f\u00f6r befintliga kascheringsmaskiner Vorw\u00e4rts\/Forward.","breadcrumb":{"@id":"https:\/\/www.arapak.se\/sv\/halvautomatiska-packmaskiner-och-div-limutrustning-tunkers\/#breadcrumb"},"inLanguage":"sv-SE","potentialAction":[{"@type":"ReadAction","target":["https:\/\/www.arapak.se\/sv\/halvautomatiska-packmaskiner-och-div-limutrustning-tunkers\/"]}]},{"@type":"ImageObject","inLanguage":"sv-SE","@id":"https:\/\/www.arapak.se\/sv\/halvautomatiska-packmaskiner-och-div-limutrustning-tunkers\/#primaryimage","url":"https:\/\/www.arapak.se\/wp-content\/uploads\/2016\/05\/Tufas600U.jpg","contentUrl":"https:\/\/www.arapak.se\/wp-content\/uploads\/2016\/05\/Tufas600U.jpg"},{"@type":"BreadcrumbList","@id":"https:\/\/www.arapak.se\/sv\/halvautomatiska-packmaskiner-och-div-limutrustning-tunkers\/#breadcrumb","itemListElement":[{"@type":"ListItem","position":1,"name":"Home","item":"https:\/\/www.arapak.se\/sv\/"},{"@type":"ListItem","position":2,"name":"Halvautomatiska packmaskiner och div. limutrustning &#8211; T\u00fcnkers"}]},{"@type":"WebSite","@id":"https:\/\/www.arapak.se\/#website","url":"https:\/\/www.arapak.se\/","name":"Arapak","description":"New and second hand machines for the converting of Paper, Foil, Folding Carton and Corrugated.","potentialAction":[{"@type":"SearchAction","target":{"@type":"EntryPoint","urlTemplate":"https:\/\/www.arapak.se\/?s={search_term_string}"},"query-input":{"@type":"PropertyValueSpecification","valueRequired":true,"valueName":"search_term_string"}}],"inLanguage":"sv-SE"}]}},"_links":{"self":[{"href":"https:\/\/www.arapak.se\/sv\/wp-json\/wp\/v2\/pages\/4368","targetHints":{"allow":["GET"]}}],"collection":[{"href":"https:\/\/www.arapak.se\/sv\/wp-json\/wp\/v2\/pages"}],"about":[{"href":"https:\/\/www.arapak.se\/sv\/wp-json\/wp\/v2\/types\/page"}],"author":[{"embeddable":true,"href":"https:\/\/www.arapak.se\/sv\/wp-json\/wp\/v2\/users\/1"}],"replies":[{"embeddable":true,"href":"https:\/\/www.arapak.se\/sv\/wp-json\/wp\/v2\/comments?post=4368"}],"version-history":[{"count":2,"href":"https:\/\/www.arapak.se\/sv\/wp-json\/wp\/v2\/pages\/4368\/revisions"}],"predecessor-version":[{"id":12105,"href":"https:\/\/www.arapak.se\/sv\/wp-json\/wp\/v2\/pages\/4368\/revisions\/12105"}],"wp:attachment":[{"href":"https:\/\/www.arapak.se\/sv\/wp-json\/wp\/v2\/media?parent=4368"}],"curies":[{"name":"wp","href":"https:\/\/api.w.org\/{rel}","templated":true}]}}