{"id":4343,"date":"2016-05-08T11:56:13","date_gmt":"2016-05-08T09:56:13","guid":{"rendered":"https:\/\/www.arapak.se\/revicartsrl-2\/"},"modified":"2023-06-02T07:13:16","modified_gmt":"2023-06-02T05:13:16","slug":"revicartsrl","status":"publish","type":"page","link":"https:\/\/www.arapak.se\/sv\/revicartsrl\/","title":{"rendered":"Revicart- Twinbox"},"content":{"rendered":"<div class=\"fusion-fullwidth fullwidth-box fusion-builder-row-1 fusion-flex-container hundred-percent-fullwidth non-hundred-percent-height-scrolling\" style=\"--awb-border-radius-top-left:0px;--awb-border-radius-top-right:0px;--awb-border-radius-bottom-right:0px;--awb-border-radius-bottom-left:0px;--awb-overflow:visible;\" ><div class=\"fusion-builder-row fusion-row fusion-flex-align-items-flex-start\" style=\"width:104% !important;max-width:104% !important;margin-left: calc(-4% \/ 2 );margin-right: calc(-4% \/ 2 );\"><div class=\"fusion-layout-column fusion_builder_column fusion-builder-column-0 fusion_builder_column_1_2 1_2 fusion-flex-column\" style=\"--awb-bg-size:cover;--awb-width-large:50%;--awb-margin-top-large:0px;--awb-spacing-right-large:3.84%;--awb-margin-bottom-large:20px;--awb-spacing-left-large:3.84%;--awb-width-medium:50%;--awb-spacing-right-medium:3.84%;--awb-spacing-left-medium:3.84%;--awb-width-small:100%;--awb-spacing-right-small:1.92%;--awb-spacing-left-small:1.92%;\"><div class=\"fusion-column-wrapper fusion-flex-justify-content-flex-start fusion-content-layout-column\"><div class=\"fusion-text fusion-text-1\"><p style=\"text-align: center;\"><img decoding=\"async\" class=\"alignnone size-full wp-image-4326\" src=\"https:\/\/www.arapak.se\/wp-content\/uploads\/2016\/05\/Revicart-Twinbox-2600.jpg\" alt=\"Revicart Twinbox 2600\" width=\"1500\" height=\"947\" srcset=\"https:\/\/www.arapak.se\/wp-content\/uploads\/2016\/05\/Revicart-Twinbox-2600-300x189.jpg 300w, https:\/\/www.arapak.se\/wp-content\/uploads\/2016\/05\/Revicart-Twinbox-2600-320x202.jpg 320w, https:\/\/www.arapak.se\/wp-content\/uploads\/2016\/05\/Revicart-Twinbox-2600-600x379.jpg 600w, https:\/\/www.arapak.se\/wp-content\/uploads\/2016\/05\/Revicart-Twinbox-2600-700x441.jpg 700w, https:\/\/www.arapak.se\/wp-content\/uploads\/2016\/05\/Revicart-Twinbox-2600-768x485.jpg 768w, https:\/\/www.arapak.se\/wp-content\/uploads\/2016\/05\/Revicart-Twinbox-2600-1024x646.jpg 1024w, https:\/\/www.arapak.se\/wp-content\/uploads\/2016\/05\/Revicart-Twinbox-2600.jpg 1500w\" sizes=\"(max-width: 1500px) 100vw, 1500px\" \/><br \/>\n<a href=\"https:\/\/youtu.be\/C14WUW7-GW8\">Revicart Twinfeed 2600<\/a><\/p>\n<\/div><\/div><\/div><div class=\"fusion-layout-column fusion_builder_column fusion-builder-column-1 fusion_builder_column_1_2 1_2 fusion-flex-column\" style=\"--awb-bg-size:cover;--awb-width-large:50%;--awb-margin-top-large:0px;--awb-spacing-right-large:3.84%;--awb-margin-bottom-large:20px;--awb-spacing-left-large:3.84%;--awb-width-medium:50%;--awb-spacing-right-medium:3.84%;--awb-spacing-left-medium:3.84%;--awb-width-small:100%;--awb-spacing-right-small:1.92%;--awb-spacing-left-small:1.92%;\"><div class=\"fusion-column-wrapper fusion-flex-justify-content-flex-start fusion-content-layout-column\"><div class=\"fusion-text fusion-text-2\"><p><strong>Arapak<\/strong> representerar Revicart fr\u00e5n Italien i Skandinavien.<\/p>\n<p>Revicart utvecklar och producerar speciella limningsmaskiner f\u00f6r wellpapp.<\/p>\n<p>Man \u00e4r specialister p\u00e5 extra breda limningsmaskiner.<\/p>\n<p><strong> Maskinprogram :<\/strong><br \/>\n<strong>TWINBOX-dubbelil\u00e4ggare:<\/strong><br \/>\nMed den egenutvecklade dubbla il\u00e4ggaren kan man limma extra breda och l\u00e5nga l\u00e5dor.<br \/>\nIl\u00e4ggaren kan st\u00e5 separat och endast g\u00f6ra detta eller kombineras ihop med en traditionell kapsellimningsmaskin.<\/p>\n<\/div><\/div><\/div><div class=\"fusion-layout-column fusion_builder_column fusion-builder-column-2 fusion_builder_column_1_3 1_3 fusion-flex-column\" style=\"--awb-bg-size:cover;--awb-width-large:33.333333333333%;--awb-margin-top-large:60px;--awb-spacing-right-large:5.76%;--awb-margin-bottom-large:20px;--awb-spacing-left-large:5.76%;--awb-width-medium:33.333333333333%;--awb-spacing-right-medium:5.76%;--awb-spacing-left-medium:5.76%;--awb-width-small:100%;--awb-spacing-right-small:1.92%;--awb-spacing-left-small:1.92%;\"><div class=\"fusion-column-wrapper fusion-flex-justify-content-flex-start fusion-content-layout-column\"><div class=\"fusion-text fusion-text-3\"><p style=\"text-align: center;\">\u00a0<img decoding=\"async\" class=\"alignnone wp-image-4327\" src=\"https:\/\/www.arapak.se\/wp-content\/uploads\/2016\/05\/Revicart-2-halves.jpg\" alt=\"Revicart 2 halves\" width=\"810\" height=\"418\" srcset=\"https:\/\/www.arapak.se\/wp-content\/uploads\/2016\/05\/Revicart-2-halves-300x155.jpg 300w, https:\/\/www.arapak.se\/wp-content\/uploads\/2016\/05\/Revicart-2-halves.jpg 500w\" sizes=\"(max-width: 810px) 100vw, 810px\" \/><\/p>\n<p style=\"text-align: center;\">Revicart limprincip<\/p>\n<\/div><\/div><\/div><div class=\"fusion-layout-column fusion_builder_column fusion-builder-column-3 fusion_builder_column_1_3 1_3 fusion-flex-column\" style=\"--awb-bg-size:cover;--awb-width-large:33.333333333333%;--awb-margin-top-large:0px;--awb-spacing-right-large:5.76%;--awb-margin-bottom-large:20px;--awb-spacing-left-large:5.76%;--awb-width-medium:33.333333333333%;--awb-spacing-right-medium:5.76%;--awb-spacing-left-medium:5.76%;--awb-width-small:100%;--awb-spacing-right-small:1.92%;--awb-spacing-left-small:1.92%;\"><div class=\"fusion-column-wrapper fusion-flex-justify-content-flex-start fusion-content-layout-column\"><div class=\"fusion-text fusion-text-4\"><p style=\"text-align: center;\"><img decoding=\"async\" class=\"alignnone wp-image-4328\" src=\"https:\/\/www.arapak.se\/wp-content\/uploads\/2016\/05\/Twinbox-large-box1.jpg\" alt=\"Twinbox large box1\" width=\"270\" height=\"265\" srcset=\"https:\/\/www.arapak.se\/wp-content\/uploads\/2016\/05\/Twinbox-large-box1-52x50.jpg 52w, https:\/\/www.arapak.se\/wp-content\/uploads\/2016\/05\/Twinbox-large-box1-66x66.jpg 66w, https:\/\/www.arapak.se\/wp-content\/uploads\/2016\/05\/Twinbox-large-box1-300x294.jpg 300w, https:\/\/www.arapak.se\/wp-content\/uploads\/2016\/05\/Twinbox-large-box1.jpg 444w\" sizes=\"(max-width: 270px) 100vw, 270px\" \/><\/p>\n<p style=\"text-align: center;\">Stora l\u00e5dor eller smala paneler \u00e4r inget problem.<strong><br \/>\n<\/strong><\/p>\n<\/div><\/div><\/div><div class=\"fusion-layout-column fusion_builder_column fusion-builder-column-4 fusion_builder_column_1_3 1_3 fusion-flex-column\" style=\"--awb-bg-size:cover;--awb-width-large:33.333333333333%;--awb-margin-top-large:0px;--awb-spacing-right-large:5.76%;--awb-margin-bottom-large:20px;--awb-spacing-left-large:5.76%;--awb-width-medium:33.333333333333%;--awb-spacing-right-medium:5.76%;--awb-spacing-left-medium:5.76%;--awb-width-small:100%;--awb-spacing-right-small:1.92%;--awb-spacing-left-small:1.92%;\"><div class=\"fusion-column-wrapper fusion-flex-justify-content-flex-start fusion-content-layout-column\"><div class=\"fusion-text fusion-text-5\"><p style=\"text-align: center;\"><img decoding=\"async\" class=\"alignnone size-full wp-image-4329\" src=\"https:\/\/www.arapak.se\/wp-content\/uploads\/2016\/05\/twinboxPartition-box.jpg\" alt=\"twinboxPartition box\" width=\"494\" height=\"370\" srcset=\"https:\/\/www.arapak.se\/wp-content\/uploads\/2016\/05\/twinboxPartition-box-300x225.jpg 300w, https:\/\/www.arapak.se\/wp-content\/uploads\/2016\/05\/twinboxPartition-box.jpg 494w\" sizes=\"(max-width: 494px) 100vw, 494px\" \/><\/p>\n<p style=\"text-align: center;\">Partition\/Inreden<\/p>\n<p>\u00a0<\/p>\n<\/div><\/div><\/div><div class=\"fusion-layout-column fusion_builder_column fusion-builder-column-5 fusion_builder_column_1_3 1_3 fusion-flex-column\" style=\"--awb-bg-size:cover;--awb-width-large:33.333333333333%;--awb-margin-top-large:-40px;--awb-spacing-right-large:5.76%;--awb-margin-bottom-large:20px;--awb-spacing-left-large:5.76%;--awb-width-medium:33.333333333333%;--awb-spacing-right-medium:5.76%;--awb-spacing-left-medium:5.76%;--awb-width-small:100%;--awb-spacing-right-small:1.92%;--awb-spacing-left-small:1.92%;\"><div class=\"fusion-column-wrapper fusion-flex-justify-content-flex-start fusion-content-layout-column\"><div class=\"fusion-text fusion-text-6\"><p style=\"text-align: center;\"><img decoding=\"async\" class=\"alignnone size-full wp-image-4331\" src=\"https:\/\/www.arapak.se\/wp-content\/uploads\/2016\/05\/TwinboxDouble-box1.jpg\" alt=\"TwinboxDouble box1\" width=\"494\" height=\"370\" \/><\/p>\n<p style=\"text-align: center;\">Man kan ocks\u00e5 limma de allt mera popul\u00e4ra 2-komponentsl\u00e5dorna f\u00f6r butikshyllorna.<br \/>\nRivband kan undvikas.<\/p>\n<p style=\"text-align: center;\">L\u00e5dorna blir ocks\u00e5 billigare d\u00e5 \u00f6verdelen, som ju ska kastas, kan vara billigare gjord, dvs ej kascherat.<\/p>\n<p style=\"text-align: center;\">Twinbox \u00e4r ocks\u00e5 perfekt f\u00f6r butiksdisplay d\u00e4r bakkantsst\u00f6den kan limmas i automatiskt.<\/p>\n<p>&nbsp;<\/p>\n<p style=\"text-align: center;\"><strong>\u00a0<\/strong><\/p>\n<\/div><\/div><\/div><div class=\"fusion-layout-column fusion_builder_column fusion-builder-column-6 fusion_builder_column_1_3 1_3 fusion-flex-column\" style=\"--awb-bg-size:cover;--awb-width-large:33.333333333333%;--awb-margin-top-large:0px;--awb-spacing-right-large:5.76%;--awb-margin-bottom-large:20px;--awb-spacing-left-large:5.76%;--awb-width-medium:33.333333333333%;--awb-spacing-right-medium:5.76%;--awb-spacing-left-medium:5.76%;--awb-width-small:100%;--awb-spacing-right-small:1.92%;--awb-spacing-left-small:1.92%;\"><div class=\"fusion-column-wrapper fusion-flex-justify-content-flex-start fusion-content-layout-column\"><div class=\"fusion-text fusion-text-7\"><p style=\"text-align: center;\"><img decoding=\"async\" class=\"alignnone size-full wp-image-4332\" src=\"https:\/\/www.arapak.se\/wp-content\/uploads\/2016\/05\/Easypack.jpg\" alt=\"Easypack\" width=\"1005\" height=\"624\" \/><\/p>\n<p style=\"text-align: center;\"><span style=\"color: #3366ff;\"><span style=\"color: #000000;\">Revicart levererar ocks\u00e5 automatisk packutrustning, Easypack, f\u00f6r f\u00e4rdiga wellpappl\u00e5dor best\u00e5ende av buntsamlare, utskjutare av bunt samt bandare.<\/span><strong><br \/>\n<\/strong><\/span><\/p>\n<p style=\"text-align: center;\"><span style=\"text-decoration: underline;\"><em><span style=\"color: #3366ff; text-decoration: underline;\"><a style=\"color: #3366ff; text-decoration: underline;\" href=\"https:\/\/www.arapak.se\/Filmer\/Revicart%20Easypack%20RSC.wmv\">Video raklimmat, RSC<\/a><\/span><\/em><\/span><\/p>\n<p style=\"text-align: center;\"><a href=\"https:\/\/www.arapak.se\/Filmer\/Revicart%20Easypack%20LB.wmv\"><span style=\"color: #3366ff; text-decoration: underline;\">Video snabbotten<\/span> <\/a><\/p>\n<\/div><\/div><\/div><div class=\"fusion-layout-column fusion_builder_column fusion-builder-column-7 fusion_builder_column_1_3 1_3 fusion-flex-column\" style=\"--awb-bg-size:cover;--awb-width-large:33.333333333333%;--awb-margin-top-large:-30px;--awb-spacing-right-large:5.76%;--awb-margin-bottom-large:20px;--awb-spacing-left-large:5.76%;--awb-width-medium:33.333333333333%;--awb-spacing-right-medium:5.76%;--awb-spacing-left-medium:5.76%;--awb-width-small:100%;--awb-spacing-right-small:1.92%;--awb-spacing-left-small:1.92%;\"><div class=\"fusion-column-wrapper fusion-flex-justify-content-flex-start fusion-content-layout-column\"><div class=\"fusion-text fusion-text-8\"><p style=\"text-align: center;\"><em><a href=\"https:\/\/www.arapak.se\/Filmer\/Revicart%20Easypack%20RSC.wmv\"><img decoding=\"async\" class=\"alignnone size-full wp-image-4333\" src=\"https:\/\/www.arapak.se\/wp-content\/uploads\/2016\/05\/Easypack-1.jpg\" alt=\"Easypack 1\" width=\"673\" height=\"472\" \/><\/a><\/em><\/p>\n<p style=\"text-align: center;\">Packaren kan ocks\u00e5 f\u00e5s i en kombination som packar de limmade l\u00e5dorna direkt i transportf\u00f6rpackningarna.<br \/>\n<span style=\"text-decoration: underline;\"><span style=\"color: #3366ff;\"><strong><em><a style=\"color: #3366ff; text-decoration: underline;\" href=\"https:\/\/www.arapak.se\/bilder\/Revicart%20Twinbox.wmv\">Se Twinbox med limmaskin<\/a><\/em><\/strong><\/span><\/span><\/p>\n<\/div><\/div><\/div><\/div><\/div>\n","protected":false},"excerpt":{"rendered":"","protected":false},"author":1,"featured_media":0,"parent":0,"menu_order":0,"comment_status":"closed","ping_status":"closed","template":"","meta":{"footnotes":""},"class_list":["post-4343","page","type-page","status-publish","hentry"],"yoast_head":"<!-- This site is optimized with the Yoast SEO plugin v23.8 - https:\/\/yoast.com\/wordpress\/plugins\/seo\/ -->\n<title>Revicart- Maskiner f\u00f6r automatisk sammanfogning av tv\u00e5 ark- Arapak<\/title>\n<meta name=\"description\" content=\"Maskiner f\u00f6r automatisk sammanfogning av tv\u00e5 ark f\u00f6r att kunna producera extra stora l\u00e5dor av wellpapp. F\u00f6r de riktigt breda l\u00e5dorna.\" \/>\n<meta name=\"robots\" content=\"index, follow, max-snippet:-1, max-image-preview:large, max-video-preview:-1\" \/>\n<link rel=\"canonical\" href=\"https:\/\/www.arapak.se\/sv\/revicartsrl\/\" \/>\n<meta property=\"og:locale\" content=\"sv_SE\" \/>\n<meta property=\"og:type\" content=\"article\" \/>\n<meta property=\"og:title\" content=\"Revicart- Maskiner f\u00f6r automatisk sammanfogning av tv\u00e5 ark- Arapak\" \/>\n<meta property=\"og:description\" content=\"Maskiner f\u00f6r automatisk sammanfogning av tv\u00e5 ark f\u00f6r att kunna producera extra stora l\u00e5dor av wellpapp. F\u00f6r de riktigt breda l\u00e5dorna.\" \/>\n<meta property=\"og:url\" content=\"https:\/\/www.arapak.se\/sv\/revicartsrl\/\" \/>\n<meta property=\"og:site_name\" content=\"Arapak\" \/>\n<meta property=\"article:modified_time\" content=\"2023-06-02T05:13:16+00:00\" \/>\n<meta property=\"og:image\" content=\"https:\/\/www.arapak.se\/wp-content\/uploads\/2016\/05\/Revicart-Twinbox-2600.jpg\" \/>\n<meta name=\"twitter:card\" content=\"summary_large_image\" \/>\n<meta name=\"twitter:label1\" content=\"Ber\u00e4knad l\u00e4stid\" \/>\n\t<meta name=\"twitter:data1\" content=\"4 minuter\" \/>\n<script type=\"application\/ld+json\" class=\"yoast-schema-graph\">{\"@context\":\"https:\/\/schema.org\",\"@graph\":[{\"@type\":\"WebPage\",\"@id\":\"https:\/\/www.arapak.se\/sv\/revicartsrl\/\",\"url\":\"https:\/\/www.arapak.se\/sv\/revicartsrl\/\",\"name\":\"Revicart- Maskiner f\u00f6r automatisk sammanfogning av tv\u00e5 ark- Arapak\",\"isPartOf\":{\"@id\":\"https:\/\/www.arapak.se\/#website\"},\"primaryImageOfPage\":{\"@id\":\"https:\/\/www.arapak.se\/sv\/revicartsrl\/#primaryimage\"},\"image\":{\"@id\":\"https:\/\/www.arapak.se\/sv\/revicartsrl\/#primaryimage\"},\"thumbnailUrl\":\"https:\/\/www.arapak.se\/wp-content\/uploads\/2016\/05\/Revicart-Twinbox-2600.jpg\",\"datePublished\":\"2016-05-08T09:56:13+00:00\",\"dateModified\":\"2023-06-02T05:13:16+00:00\",\"description\":\"Maskiner f\u00f6r automatisk sammanfogning av tv\u00e5 ark f\u00f6r att kunna producera extra stora l\u00e5dor av wellpapp. F\u00f6r de riktigt breda l\u00e5dorna.\",\"breadcrumb\":{\"@id\":\"https:\/\/www.arapak.se\/sv\/revicartsrl\/#breadcrumb\"},\"inLanguage\":\"sv-SE\",\"potentialAction\":[{\"@type\":\"ReadAction\",\"target\":[\"https:\/\/www.arapak.se\/sv\/revicartsrl\/\"]}]},{\"@type\":\"ImageObject\",\"inLanguage\":\"sv-SE\",\"@id\":\"https:\/\/www.arapak.se\/sv\/revicartsrl\/#primaryimage\",\"url\":\"https:\/\/www.arapak.se\/wp-content\/uploads\/2016\/05\/Revicart-Twinbox-2600.jpg\",\"contentUrl\":\"https:\/\/www.arapak.se\/wp-content\/uploads\/2016\/05\/Revicart-Twinbox-2600.jpg\"},{\"@type\":\"BreadcrumbList\",\"@id\":\"https:\/\/www.arapak.se\/sv\/revicartsrl\/#breadcrumb\",\"itemListElement\":[{\"@type\":\"ListItem\",\"position\":1,\"name\":\"Home\",\"item\":\"https:\/\/www.arapak.se\/sv\/\"},{\"@type\":\"ListItem\",\"position\":2,\"name\":\"Revicart- Twinbox\"}]},{\"@type\":\"WebSite\",\"@id\":\"https:\/\/www.arapak.se\/#website\",\"url\":\"https:\/\/www.arapak.se\/\",\"name\":\"Arapak\",\"description\":\"New and second hand machines for the converting of Paper, Foil, Folding Carton and Corrugated.\",\"potentialAction\":[{\"@type\":\"SearchAction\",\"target\":{\"@type\":\"EntryPoint\",\"urlTemplate\":\"https:\/\/www.arapak.se\/?s={search_term_string}\"},\"query-input\":{\"@type\":\"PropertyValueSpecification\",\"valueRequired\":true,\"valueName\":\"search_term_string\"}}],\"inLanguage\":\"sv-SE\"}]}<\/script>\n<!-- \/ Yoast SEO plugin. -->","yoast_head_json":{"title":"Revicart- Maskiner f\u00f6r automatisk sammanfogning av tv\u00e5 ark- Arapak","description":"Maskiner f\u00f6r automatisk sammanfogning av tv\u00e5 ark f\u00f6r att kunna producera extra stora l\u00e5dor av wellpapp. F\u00f6r de riktigt breda l\u00e5dorna.","robots":{"index":"index","follow":"follow","max-snippet":"max-snippet:-1","max-image-preview":"max-image-preview:large","max-video-preview":"max-video-preview:-1"},"canonical":"https:\/\/www.arapak.se\/sv\/revicartsrl\/","og_locale":"sv_SE","og_type":"article","og_title":"Revicart- Maskiner f\u00f6r automatisk sammanfogning av tv\u00e5 ark- Arapak","og_description":"Maskiner f\u00f6r automatisk sammanfogning av tv\u00e5 ark f\u00f6r att kunna producera extra stora l\u00e5dor av wellpapp. F\u00f6r de riktigt breda l\u00e5dorna.","og_url":"https:\/\/www.arapak.se\/sv\/revicartsrl\/","og_site_name":"Arapak","article_modified_time":"2023-06-02T05:13:16+00:00","og_image":[{"url":"https:\/\/www.arapak.se\/wp-content\/uploads\/2016\/05\/Revicart-Twinbox-2600.jpg"}],"twitter_card":"summary_large_image","twitter_misc":{"Ber\u00e4knad l\u00e4stid":"4 minuter"},"schema":{"@context":"https:\/\/schema.org","@graph":[{"@type":"WebPage","@id":"https:\/\/www.arapak.se\/sv\/revicartsrl\/","url":"https:\/\/www.arapak.se\/sv\/revicartsrl\/","name":"Revicart- Maskiner f\u00f6r automatisk sammanfogning av tv\u00e5 ark- Arapak","isPartOf":{"@id":"https:\/\/www.arapak.se\/#website"},"primaryImageOfPage":{"@id":"https:\/\/www.arapak.se\/sv\/revicartsrl\/#primaryimage"},"image":{"@id":"https:\/\/www.arapak.se\/sv\/revicartsrl\/#primaryimage"},"thumbnailUrl":"https:\/\/www.arapak.se\/wp-content\/uploads\/2016\/05\/Revicart-Twinbox-2600.jpg","datePublished":"2016-05-08T09:56:13+00:00","dateModified":"2023-06-02T05:13:16+00:00","description":"Maskiner f\u00f6r automatisk sammanfogning av tv\u00e5 ark f\u00f6r att kunna producera extra stora l\u00e5dor av wellpapp. F\u00f6r de riktigt breda l\u00e5dorna.","breadcrumb":{"@id":"https:\/\/www.arapak.se\/sv\/revicartsrl\/#breadcrumb"},"inLanguage":"sv-SE","potentialAction":[{"@type":"ReadAction","target":["https:\/\/www.arapak.se\/sv\/revicartsrl\/"]}]},{"@type":"ImageObject","inLanguage":"sv-SE","@id":"https:\/\/www.arapak.se\/sv\/revicartsrl\/#primaryimage","url":"https:\/\/www.arapak.se\/wp-content\/uploads\/2016\/05\/Revicart-Twinbox-2600.jpg","contentUrl":"https:\/\/www.arapak.se\/wp-content\/uploads\/2016\/05\/Revicart-Twinbox-2600.jpg"},{"@type":"BreadcrumbList","@id":"https:\/\/www.arapak.se\/sv\/revicartsrl\/#breadcrumb","itemListElement":[{"@type":"ListItem","position":1,"name":"Home","item":"https:\/\/www.arapak.se\/sv\/"},{"@type":"ListItem","position":2,"name":"Revicart- Twinbox"}]},{"@type":"WebSite","@id":"https:\/\/www.arapak.se\/#website","url":"https:\/\/www.arapak.se\/","name":"Arapak","description":"New and second hand machines for the converting of Paper, Foil, Folding Carton and Corrugated.","potentialAction":[{"@type":"SearchAction","target":{"@type":"EntryPoint","urlTemplate":"https:\/\/www.arapak.se\/?s={search_term_string}"},"query-input":{"@type":"PropertyValueSpecification","valueRequired":true,"valueName":"search_term_string"}}],"inLanguage":"sv-SE"}]}},"_links":{"self":[{"href":"https:\/\/www.arapak.se\/sv\/wp-json\/wp\/v2\/pages\/4343","targetHints":{"allow":["GET"]}}],"collection":[{"href":"https:\/\/www.arapak.se\/sv\/wp-json\/wp\/v2\/pages"}],"about":[{"href":"https:\/\/www.arapak.se\/sv\/wp-json\/wp\/v2\/types\/page"}],"author":[{"embeddable":true,"href":"https:\/\/www.arapak.se\/sv\/wp-json\/wp\/v2\/users\/1"}],"replies":[{"embeddable":true,"href":"https:\/\/www.arapak.se\/sv\/wp-json\/wp\/v2\/comments?post=4343"}],"version-history":[{"count":1,"href":"https:\/\/www.arapak.se\/sv\/wp-json\/wp\/v2\/pages\/4343\/revisions"}],"predecessor-version":[{"id":12101,"href":"https:\/\/www.arapak.se\/sv\/wp-json\/wp\/v2\/pages\/4343\/revisions\/12101"}],"wp:attachment":[{"href":"https:\/\/www.arapak.se\/sv\/wp-json\/wp\/v2\/media?parent=4343"}],"curies":[{"name":"wp","href":"https:\/\/api.w.org\/{rel}","templated":true}]}}