{"id":4323,"date":"2016-05-08T11:09:06","date_gmt":"2016-05-08T09:09:06","guid":{"rendered":"https:\/\/www.arapak.se\/jmcor-2\/"},"modified":"2018-08-29T09:28:55","modified_gmt":"2018-08-29T07:28:55","slug":"jmcor","status":"publish","type":"page","link":"https:\/\/www.arapak.se\/sv\/jmcor\/","title":{"rendered":"JM-Cor Ltd"},"content":{"rendered":"<div class=\"fusion-fullwidth fullwidth-box fusion-builder-row-1 fusion-flex-container hundred-percent-fullwidth non-hundred-percent-height-scrolling\" style=\"--awb-border-radius-top-left:0px;--awb-border-radius-top-right:0px;--awb-border-radius-bottom-right:0px;--awb-border-radius-bottom-left:0px;--awb-overflow:visible;\" ><div class=\"fusion-builder-row fusion-row fusion-flex-align-items-flex-start\" style=\"width:104% !important;max-width:104% !important;margin-left: calc(-4% \/ 2 );margin-right: calc(-4% \/ 2 );\"><div class=\"fusion-layout-column fusion_builder_column fusion-builder-column-0 fusion_builder_column_1_3 1_3 fusion-flex-column\" style=\"--awb-bg-size:cover;--awb-width-large:33.333333333333%;--awb-margin-top-large:50px;--awb-spacing-right-large:5.76%;--awb-margin-bottom-large:20px;--awb-spacing-left-large:5.76%;--awb-width-medium:33.333333333333%;--awb-spacing-right-medium:5.76%;--awb-spacing-left-medium:5.76%;--awb-width-small:100%;--awb-spacing-right-small:1.92%;--awb-spacing-left-small:1.92%;\"><div class=\"fusion-column-wrapper fusion-flex-justify-content-flex-start fusion-content-layout-column\"><div class=\"fusion-text fusion-text-1\"><p><img decoding=\"async\" class=\"alignnone size-full wp-image-4308\" src=\"https:\/\/www.arapak.se\/wp-content\/uploads\/2016\/05\/Servocutuk1.jpg\" alt=\"Servocutuk1\" width=\"601\" height=\"399\" srcset=\"https:\/\/www.arapak.se\/wp-content\/uploads\/2016\/05\/Servocutuk1-300x199.jpg 300w, https:\/\/www.arapak.se\/wp-content\/uploads\/2016\/05\/Servocutuk1-600x398.jpg 600w, https:\/\/www.arapak.se\/wp-content\/uploads\/2016\/05\/Servocutuk1.jpg 601w\" sizes=\"(max-width: 601px) 100vw, 601px\" \/><\/p>\n<p style=\"text-align: center;\">Servocut<\/p>\n<\/div><\/div><\/div><div class=\"fusion-layout-column fusion_builder_column fusion-builder-column-1 fusion_builder_column_1_3 1_3 fusion-flex-column\" style=\"--awb-bg-size:cover;--awb-width-large:33.333333333333%;--awb-margin-top-large:10px;--awb-spacing-right-large:5.76%;--awb-margin-bottom-large:20px;--awb-spacing-left-large:5.76%;--awb-width-medium:33.333333333333%;--awb-spacing-right-medium:5.76%;--awb-spacing-left-medium:5.76%;--awb-width-small:100%;--awb-spacing-right-small:1.92%;--awb-spacing-left-small:1.92%;\"><div class=\"fusion-column-wrapper fusion-flex-justify-content-flex-start fusion-content-layout-column\"><div class=\"fusion-text fusion-text-2\"><p style=\"text-align: center;\"><img decoding=\"async\" class=\"alignnone size-full wp-image-4309\" src=\"https:\/\/www.arapak.se\/wp-content\/uploads\/2016\/05\/Servocutuk2.jpg\" alt=\"Servocutuk2\" width=\"640\" height=\"480\" srcset=\"https:\/\/www.arapak.se\/wp-content\/uploads\/2016\/05\/Servocutuk2-300x225.jpg 300w, https:\/\/www.arapak.se\/wp-content\/uploads\/2016\/05\/Servocutuk2-600x450.jpg 600w, https:\/\/www.arapak.se\/wp-content\/uploads\/2016\/05\/Servocutuk2.jpg 640w\" sizes=\"(max-width: 640px) 100vw, 640px\" \/><\/p>\n<p style=\"text-align: center;\">Unique Servo driven lead edge feeder<\/p>\n<\/div><\/div><\/div><div class=\"fusion-layout-column fusion_builder_column fusion-builder-column-2 fusion_builder_column_1_3 1_3 fusion-flex-column\" style=\"--awb-bg-size:cover;--awb-width-large:33.333333333333%;--awb-margin-top-large:0px;--awb-spacing-right-large:5.76%;--awb-margin-bottom-large:20px;--awb-spacing-left-large:5.76%;--awb-width-medium:33.333333333333%;--awb-spacing-right-medium:5.76%;--awb-spacing-left-medium:5.76%;--awb-width-small:100%;--awb-spacing-right-small:1.92%;--awb-spacing-left-small:1.92%;\"><div class=\"fusion-column-wrapper fusion-flex-justify-content-flex-start fusion-content-layout-column\"><div class=\"fusion-text fusion-text-3\"><p>ARAPAK representerar <em>JM-Cor <\/em> fr\u00e5n England i de nordiska l\u00e4nderna samt i Baltikum.<\/p>\n<p><em>JM-Cor<\/em> \u00e4gs av f.d medarbetare inom <em>Corserve<\/em> som har tillverkat maskiner f\u00f6r wellpappindustrin i m\u00e5nga \u00e5r.<\/p>\n<p>Man har en egen utvecklad rotationsstans, <em>Servocut<\/em> (f.d Rotacut), som tillsammans med den egna servodrivna il\u00e4ggaren (&#8220;lead edge feeder&#8221;) f\u00e5r unika prestanda.<\/p>\n<p><strong><br \/>\nMaskinprogram:<\/strong><\/p>\n<p><strong>Servocut<\/strong>, automatisk rotationsstans som arbetar med Rollvac il\u00e4ggare f\u00f6r unika prestanda.<br \/>\nArbetsbredd 3 m.<br \/>\nMax omkrets p\u00e5 stanstrumman 1,676 (66&#8243;) eller 2,184 m (86&#8243;).<\/p>\n<p><em>Servocut<\/em> kan bearbeta l\u00e4ngre ark \u00e4n omkretsen p\u00e5 trumman!<br \/>\nIngen vanlig rotationsstans &#8211; den kan mycket mer.<br \/>\nElektrostatisk rensning.<\/p>\n<\/div><\/div><\/div><div class=\"fusion-layout-column fusion_builder_column fusion-builder-column-3 fusion_builder_column_1_3 1_3 fusion-flex-column\" style=\"--awb-bg-size:cover;--awb-width-large:33.333333333333%;--awb-margin-top-large:0px;--awb-spacing-right-large:5.76%;--awb-margin-bottom-large:20px;--awb-spacing-left-large:5.76%;--awb-width-medium:33.333333333333%;--awb-spacing-right-medium:5.76%;--awb-spacing-left-medium:5.76%;--awb-width-small:100%;--awb-spacing-right-small:1.92%;--awb-spacing-left-small:1.92%;\"><div class=\"fusion-column-wrapper fusion-flex-justify-content-flex-start fusion-content-layout-column\"><div class=\"fusion-text fusion-text-4\"><p style=\"text-align: center;\"><img decoding=\"async\" class=\"alignnone size-full wp-image-4311\" src=\"https:\/\/www.arapak.se\/wp-content\/uploads\/2016\/05\/Servocutuk4.jpg\" alt=\"Servocutuk4\" width=\"640\" height=\"480\" srcset=\"https:\/\/www.arapak.se\/wp-content\/uploads\/2016\/05\/Servocutuk4-300x225.jpg 300w, https:\/\/www.arapak.se\/wp-content\/uploads\/2016\/05\/Servocutuk4-600x450.jpg 600w, https:\/\/www.arapak.se\/wp-content\/uploads\/2016\/05\/Servocutuk4.jpg 640w\" sizes=\"(max-width: 640px) 100vw, 640px\" \/><br \/>\nOptional print unit<\/p>\n<\/div><\/div><\/div><div class=\"fusion-layout-column fusion_builder_column fusion-builder-column-4 fusion_builder_column_1_3 1_3 fusion-flex-column\" style=\"--awb-bg-size:cover;--awb-width-large:33.333333333333%;--awb-margin-top-large:;--awb-spacing-right-large:5.76%;--awb-margin-bottom-large:20px;--awb-spacing-left-large:5.76%;--awb-width-medium:33.333333333333%;--awb-spacing-right-medium:5.76%;--awb-spacing-left-medium:5.76%;--awb-width-small:100%;--awb-spacing-right-small:1.92%;--awb-spacing-left-small:1.92%;\"><div class=\"fusion-column-wrapper fusion-flex-justify-content-flex-start fusion-content-layout-column\"><div class=\"fusion-text fusion-text-5\"><p style=\"text-align: center;\"><img decoding=\"async\" class=\"alignnone size-full wp-image-4310\" src=\"https:\/\/www.arapak.se\/wp-content\/uploads\/2016\/05\/Servocutuk3.jpg\" alt=\"Servocutuk3\" width=\"640\" height=\"480\" srcset=\"https:\/\/www.arapak.se\/wp-content\/uploads\/2016\/05\/Servocutuk3-300x225.jpg 300w, https:\/\/www.arapak.se\/wp-content\/uploads\/2016\/05\/Servocutuk3-600x450.jpg 600w, https:\/\/www.arapak.se\/wp-content\/uploads\/2016\/05\/Servocutuk3.jpg 640w\" sizes=\"(max-width: 640px) 100vw, 640px\" \/><br \/>\nRotary die cutter<strong><br \/>\n<\/strong><\/p>\n<p style=\"text-align: center;\"><span style=\"color: #3366ff;\"><br \/>\n<\/span><\/p>\n<\/div><\/div><\/div><div class=\"fusion-layout-column fusion_builder_column fusion-builder-column-5 fusion_builder_column_1_3 1_3 fusion-flex-column\" style=\"--awb-bg-size:cover;--awb-width-large:33.333333333333%;--awb-margin-top-large:0px;--awb-spacing-right-large:5.76%;--awb-margin-bottom-large:20px;--awb-spacing-left-large:5.76%;--awb-width-medium:33.333333333333%;--awb-spacing-right-medium:5.76%;--awb-spacing-left-medium:5.76%;--awb-width-small:100%;--awb-spacing-right-small:1.92%;--awb-spacing-left-small:1.92%;\"><div class=\"fusion-column-wrapper fusion-flex-justify-content-flex-start fusion-content-layout-column\"><div class=\"fusion-text fusion-text-6\"><p style=\"text-align: center;\"><img decoding=\"async\" class=\"alignnone size-full wp-image-4313\" src=\"https:\/\/www.arapak.se\/wp-content\/uploads\/2016\/05\/RotacuT-box-capability.jpg\" alt=\"RotacuT box capability\" width=\"1192\" height=\"1683\" srcset=\"https:\/\/www.arapak.se\/wp-content\/uploads\/2016\/05\/RotacuT-box-capability-212x300.jpg 212w, https:\/\/www.arapak.se\/wp-content\/uploads\/2016\/05\/RotacuT-box-capability-600x847.jpg 600w, https:\/\/www.arapak.se\/wp-content\/uploads\/2016\/05\/RotacuT-box-capability-725x1024.jpg 725w, https:\/\/www.arapak.se\/wp-content\/uploads\/2016\/05\/RotacuT-box-capability-768x1084.jpg 768w, https:\/\/www.arapak.se\/wp-content\/uploads\/2016\/05\/RotacuT-box-capability.jpg 1192w\" sizes=\"(max-width: 1192px) 100vw, 1192px\" \/><strong><br \/>\n<\/strong><\/p>\n<p style=\"text-align: center;\"><span style=\"color: #3366ff;\"><br \/>\n<\/span><\/p>\n<\/div><\/div><\/div><\/div><\/div>\n","protected":false},"excerpt":{"rendered":"","protected":false},"author":1,"featured_media":0,"parent":0,"menu_order":0,"comment_status":"closed","ping_status":"closed","template":"","meta":{"footnotes":""},"class_list":["post-4323","page","type-page","status-publish","hentry"],"yoast_head":"<!-- This site is optimized with the Yoast SEO plugin v23.8 - https:\/\/yoast.com\/wordpress\/plugins\/seo\/ -->\n<title>JM-COR UK rotationsstansar Rotacut f\u00f6r wellpapp - Arapak<\/title>\n<meta name=\"description\" content=\"Leverant\u00f6r av rotationsstansmaskiner och il\u00e4ggare f\u00f6r wellpappkonvertering. F\u00f6retaget hette tidigare Corserve.\" \/>\n<meta name=\"robots\" content=\"index, follow, max-snippet:-1, max-image-preview:large, max-video-preview:-1\" \/>\n<link rel=\"canonical\" href=\"https:\/\/www.arapak.se\/jmcor\/?lang=sv\" \/>\n<meta property=\"og:locale\" content=\"sv_SE\" \/>\n<meta property=\"og:type\" content=\"article\" \/>\n<meta property=\"og:title\" content=\"JM-COR UK rotationsstansar Rotacut f\u00f6r wellpapp - Arapak\" \/>\n<meta property=\"og:description\" content=\"Leverant\u00f6r av rotationsstansmaskiner och il\u00e4ggare f\u00f6r wellpappkonvertering. F\u00f6retaget hette tidigare Corserve.\" \/>\n<meta property=\"og:url\" content=\"https:\/\/www.arapak.se\/jmcor\/?lang=sv\" \/>\n<meta property=\"og:site_name\" content=\"Arapak\" \/>\n<meta property=\"article:modified_time\" content=\"2018-08-29T07:28:55+00:00\" \/>\n<meta property=\"og:image\" content=\"https:\/\/www.arapak.se\/wp-content\/uploads\/2016\/05\/Servocutuk1.jpg\" \/>\n<meta name=\"twitter:card\" content=\"summary_large_image\" \/>\n<meta name=\"twitter:label1\" content=\"Ber\u00e4knad l\u00e4stid\" \/>\n\t<meta name=\"twitter:data1\" content=\"2 minuter\" \/>\n<script type=\"application\/ld+json\" class=\"yoast-schema-graph\">{\"@context\":\"https:\/\/schema.org\",\"@graph\":[{\"@type\":\"WebPage\",\"@id\":\"https:\/\/www.arapak.se\/jmcor\/?lang=sv\",\"url\":\"https:\/\/www.arapak.se\/jmcor\/?lang=sv\",\"name\":\"JM-COR UK rotationsstansar Rotacut f\u00f6r wellpapp - Arapak\",\"isPartOf\":{\"@id\":\"https:\/\/www.arapak.se\/#website\"},\"primaryImageOfPage\":{\"@id\":\"https:\/\/www.arapak.se\/jmcor\/?lang=sv#primaryimage\"},\"image\":{\"@id\":\"https:\/\/www.arapak.se\/jmcor\/?lang=sv#primaryimage\"},\"thumbnailUrl\":\"https:\/\/www.arapak.se\/wp-content\/uploads\/2016\/05\/Servocutuk1.jpg\",\"datePublished\":\"2016-05-08T09:09:06+00:00\",\"dateModified\":\"2018-08-29T07:28:55+00:00\",\"description\":\"Leverant\u00f6r av rotationsstansmaskiner och il\u00e4ggare f\u00f6r wellpappkonvertering. F\u00f6retaget hette tidigare Corserve.\",\"breadcrumb\":{\"@id\":\"https:\/\/www.arapak.se\/jmcor\/?lang=sv#breadcrumb\"},\"inLanguage\":\"sv-SE\",\"potentialAction\":[{\"@type\":\"ReadAction\",\"target\":[\"https:\/\/www.arapak.se\/jmcor\/?lang=sv\"]}]},{\"@type\":\"ImageObject\",\"inLanguage\":\"sv-SE\",\"@id\":\"https:\/\/www.arapak.se\/jmcor\/?lang=sv#primaryimage\",\"url\":\"https:\/\/www.arapak.se\/wp-content\/uploads\/2016\/05\/Servocutuk1.jpg\",\"contentUrl\":\"https:\/\/www.arapak.se\/wp-content\/uploads\/2016\/05\/Servocutuk1.jpg\"},{\"@type\":\"BreadcrumbList\",\"@id\":\"https:\/\/www.arapak.se\/jmcor\/?lang=sv#breadcrumb\",\"itemListElement\":[{\"@type\":\"ListItem\",\"position\":1,\"name\":\"Home\",\"item\":\"https:\/\/www.arapak.se\/sv\/\"},{\"@type\":\"ListItem\",\"position\":2,\"name\":\"JM-Cor Ltd\"}]},{\"@type\":\"WebSite\",\"@id\":\"https:\/\/www.arapak.se\/#website\",\"url\":\"https:\/\/www.arapak.se\/\",\"name\":\"Arapak\",\"description\":\"New and second hand machines for the converting of Paper, Foil, Folding Carton and Corrugated.\",\"potentialAction\":[{\"@type\":\"SearchAction\",\"target\":{\"@type\":\"EntryPoint\",\"urlTemplate\":\"https:\/\/www.arapak.se\/?s={search_term_string}\"},\"query-input\":{\"@type\":\"PropertyValueSpecification\",\"valueRequired\":true,\"valueName\":\"search_term_string\"}}],\"inLanguage\":\"sv-SE\"}]}<\/script>\n<!-- \/ Yoast SEO plugin. -->","yoast_head_json":{"title":"JM-COR UK rotationsstansar Rotacut f\u00f6r wellpapp - Arapak","description":"Leverant\u00f6r av rotationsstansmaskiner och il\u00e4ggare f\u00f6r wellpappkonvertering. F\u00f6retaget hette tidigare Corserve.","robots":{"index":"index","follow":"follow","max-snippet":"max-snippet:-1","max-image-preview":"max-image-preview:large","max-video-preview":"max-video-preview:-1"},"canonical":"https:\/\/www.arapak.se\/jmcor\/?lang=sv","og_locale":"sv_SE","og_type":"article","og_title":"JM-COR UK rotationsstansar Rotacut f\u00f6r wellpapp - Arapak","og_description":"Leverant\u00f6r av rotationsstansmaskiner och il\u00e4ggare f\u00f6r wellpappkonvertering. F\u00f6retaget hette tidigare Corserve.","og_url":"https:\/\/www.arapak.se\/jmcor\/?lang=sv","og_site_name":"Arapak","article_modified_time":"2018-08-29T07:28:55+00:00","og_image":[{"url":"https:\/\/www.arapak.se\/wp-content\/uploads\/2016\/05\/Servocutuk1.jpg"}],"twitter_card":"summary_large_image","twitter_misc":{"Ber\u00e4knad l\u00e4stid":"2 minuter"},"schema":{"@context":"https:\/\/schema.org","@graph":[{"@type":"WebPage","@id":"https:\/\/www.arapak.se\/jmcor\/?lang=sv","url":"https:\/\/www.arapak.se\/jmcor\/?lang=sv","name":"JM-COR UK rotationsstansar Rotacut f\u00f6r wellpapp - Arapak","isPartOf":{"@id":"https:\/\/www.arapak.se\/#website"},"primaryImageOfPage":{"@id":"https:\/\/www.arapak.se\/jmcor\/?lang=sv#primaryimage"},"image":{"@id":"https:\/\/www.arapak.se\/jmcor\/?lang=sv#primaryimage"},"thumbnailUrl":"https:\/\/www.arapak.se\/wp-content\/uploads\/2016\/05\/Servocutuk1.jpg","datePublished":"2016-05-08T09:09:06+00:00","dateModified":"2018-08-29T07:28:55+00:00","description":"Leverant\u00f6r av rotationsstansmaskiner och il\u00e4ggare f\u00f6r wellpappkonvertering. F\u00f6retaget hette tidigare Corserve.","breadcrumb":{"@id":"https:\/\/www.arapak.se\/jmcor\/?lang=sv#breadcrumb"},"inLanguage":"sv-SE","potentialAction":[{"@type":"ReadAction","target":["https:\/\/www.arapak.se\/jmcor\/?lang=sv"]}]},{"@type":"ImageObject","inLanguage":"sv-SE","@id":"https:\/\/www.arapak.se\/jmcor\/?lang=sv#primaryimage","url":"https:\/\/www.arapak.se\/wp-content\/uploads\/2016\/05\/Servocutuk1.jpg","contentUrl":"https:\/\/www.arapak.se\/wp-content\/uploads\/2016\/05\/Servocutuk1.jpg"},{"@type":"BreadcrumbList","@id":"https:\/\/www.arapak.se\/jmcor\/?lang=sv#breadcrumb","itemListElement":[{"@type":"ListItem","position":1,"name":"Home","item":"https:\/\/www.arapak.se\/sv\/"},{"@type":"ListItem","position":2,"name":"JM-Cor Ltd"}]},{"@type":"WebSite","@id":"https:\/\/www.arapak.se\/#website","url":"https:\/\/www.arapak.se\/","name":"Arapak","description":"New and second hand machines for the converting of Paper, Foil, Folding Carton and Corrugated.","potentialAction":[{"@type":"SearchAction","target":{"@type":"EntryPoint","urlTemplate":"https:\/\/www.arapak.se\/?s={search_term_string}"},"query-input":{"@type":"PropertyValueSpecification","valueRequired":true,"valueName":"search_term_string"}}],"inLanguage":"sv-SE"}]}},"_links":{"self":[{"href":"https:\/\/www.arapak.se\/sv\/wp-json\/wp\/v2\/pages\/4323","targetHints":{"allow":["GET"]}}],"collection":[{"href":"https:\/\/www.arapak.se\/sv\/wp-json\/wp\/v2\/pages"}],"about":[{"href":"https:\/\/www.arapak.se\/sv\/wp-json\/wp\/v2\/types\/page"}],"author":[{"embeddable":true,"href":"https:\/\/www.arapak.se\/sv\/wp-json\/wp\/v2\/users\/1"}],"replies":[{"embeddable":true,"href":"https:\/\/www.arapak.se\/sv\/wp-json\/wp\/v2\/comments?post=4323"}],"version-history":[{"count":0,"href":"https:\/\/www.arapak.se\/sv\/wp-json\/wp\/v2\/pages\/4323\/revisions"}],"wp:attachment":[{"href":"https:\/\/www.arapak.se\/sv\/wp-json\/wp\/v2\/media?parent=4323"}],"curies":[{"name":"wp","href":"https:\/\/api.w.org\/{rel}","templated":true}]}}