{"id":4221,"date":"2016-04-19T07:09:56","date_gmt":"2016-04-19T05:09:56","guid":{"rendered":"https:\/\/www.arapak.se\/gluertec-2\/"},"modified":"2025-01-27T14:12:33","modified_gmt":"2025-01-27T13:12:33","slug":"sealertec","status":"publish","type":"page","link":"https:\/\/www.arapak.se\/sv\/sealertec\/","title":{"rendered":"Sealertec -Flamf\u00f6rseglingsmaskiner -Flame Sealers"},"content":{"rendered":"<p><div class=\"fusion-fullwidth fullwidth-box fusion-builder-row-1 fusion-flex-container nonhundred-percent-fullwidth non-hundred-percent-height-scrolling\" style=\"--awb-border-radius-top-left:0px;--awb-border-radius-top-right:0px;--awb-border-radius-bottom-right:0px;--awb-border-radius-bottom-left:0px;\" ><\/div><div class=\"fusion-builder-row fusion-row fusion-flex-align-items-flex-start\" style=\"max-width:1216.8px;margin-left: calc(-4% \/ 2 );margin-right: calc(-4% \/ 2 );\"><\/div><div class=\"fusion-layout-column fusion_builder_column fusion-builder-column-0 fusion_builder_column_1_1 1_1 fusion-one-full fusion-column-first fusion-column-last\" style=\"--awb-bg-size:cover;--awb-margin-bottom:0px;width:100%;\"><div class=\"fusion-column-wrapper fusion-flex-column-wrapper-legacy\"><div class=\"fusion-text fusion-text-1\"><p><img decoding=\"async\" class=\"alignnone wp-image-13035\" src=\"https:\/\/www.arapak.se\/wp-content\/uploads\/2024\/11\/Sealerterc-cropped-FS-95-FLAMESEALER-02-150x20.jpg\" alt=\"\" width=\"368\" height=\"49\" \/><\/p>\n<p><a href=\"https:\/\/www.youtube.com\/watch?v=oqFegy63ULc\"><span style=\"color: #3366ff;\">Se den k\u00f6ra i\u00a0 600 M\/Min<\/span> <\/a><\/p>\n<\/div><div class=\"fusion-clearfix\"><\/div><\/div><\/div><div class=\"fusion-layout-column fusion_builder_column fusion-builder-column-1 fusion_builder_column_1_2 1_2 fusion-one-half fusion-column-first\" style=\"--awb-bg-size:cover;width:48%; margin-right: 4%;\"><div class=\"fusion-column-wrapper fusion-flex-column-wrapper-legacy\"><div class=\"fusion-clearfix\"><\/div><\/div><\/div><div class=\"fusion-text fusion-text-2\"><\/div>ARAPAK s\u00e4ljer kapsellimningsmaskiner och flamsvetsmaskiner fr\u00e5n<span style=\"text-decoration: underline;\"><span style=\"color: #3366ff;\"> <a style=\"color: #3366ff; text-decoration: underline;\" href=\"http:\/\/www.sealertec.com\">Sealtertec<br \/>\n<\/a><\/span><\/span><strong><br \/>\nMaskinprogram:<\/strong><\/p>\n<p>Sealertec \u00e4r ett f\u00f6retag med r\u00f6tter inom International Papers maskindivision.<\/p>\n<p>Man utvecklar och producerar nya snabba kapsellimningsmaskiner samt flamsvetsmaskiner f\u00f6r den kr\u00e4vande marknaden av aspetiska f\u00f6rpackningar.<\/p>\n<p>Maskinerna konstrueras av Sealertec och produceras i samarbete med Duran Machinery<br \/>\n<em><br \/>\n<\/em>F\u00f6r 250 ml till 5 liters f\u00f6rpackningar.<br \/>\nDen \u00e4r komplett med dubbla sidoregister samt utrustning f\u00f6r &#8220;skiving och hemming&#8221; och \u00e4r avsedd f\u00f6r aseptiskt fyllda f\u00f6rpackningar.<br \/>\nTopphastighet med skiving &gt; 600 m\/min.<\/p>\n<p>Sealertec producerar ocks\u00e5 kapsellimmaskiner f\u00f6r mycket\u00a0 h\u00f6ga hastigheter\u00a0 &gt;750 m\/min.<\/p>\n<div style=\"width: 720px;\" class=\"wp-video\"><video class=\"wp-video-shortcode\" id=\"video-4221-1\" width=\"720\" height=\"1280\" preload=\"metadata\" controls=\"controls\"><source type=\"video\/mp4\" src=\"https:\/\/www.arapak.se\/wp-content\/uploads\/2024\/11\/Sealertec-flame-sealer600-MMIN.mp4?_=1\" \/><a href=\"https:\/\/www.arapak.se\/wp-content\/uploads\/2024\/11\/Sealertec-flame-sealer600-MMIN.mp4\">https:\/\/www.arapak.se\/wp-content\/uploads\/2024\/11\/Sealertec-flame-sealer600-MMIN.mp4<\/a><\/video><\/div>\n<p style=\"text-align: center;\"><strong>\u00a0<\/strong><\/p>\n<p style=\"text-align: center;\"><strong>\u00a0<\/strong><\/p>\n<p>&nbsp;<\/p>\n","protected":false},"excerpt":{"rendered":"<p>ARAPAK s\u00e4ljer kapsellimningsmaskiner och flamsvetsmaskiner fr\u00e5n Sealtertec Maskinprogram: Sealertec \u00e4r ett f\u00f6retag med r\u00f6tter inom International Papers maskindivision. Man utvecklar och producerar nya snabba kapsellimningsmaskiner samt flamsvetsmaskiner f\u00f6r den kr\u00e4vande marknaden av aspetiska f\u00f6rpackningar. Maskinerna konstrueras av Sealertec och produceras i samarbete med Duran Machinery F\u00f6r 250 ml till 5 liters f\u00f6rpackningar. Den \u00e4r komplett [&hellip;]<\/p>\n","protected":false},"author":1,"featured_media":0,"parent":0,"menu_order":0,"comment_status":"closed","ping_status":"closed","template":"","meta":{"footnotes":""},"class_list":["post-4221","page","type-page","status-publish","hentry"],"yoast_head":"<!-- This site is optimized with the Yoast SEO plugin v23.8 - https:\/\/yoast.com\/wordpress\/plugins\/seo\/ -->\n<title>Sealertec flamf\u00f6rseglare- flame sealers och snabba limmaskiner- Arapak<\/title>\n<meta name=\"description\" content=\"V\u00e4rldsledande inom flamf\u00f6rsegling med skiving och hemming. Leverant\u00f6r av v\u00e4rldens snabbaste limmaskiner f\u00f6r daglig produktion.\" \/>\n<meta name=\"robots\" content=\"index, follow, max-snippet:-1, max-image-preview:large, max-video-preview:-1\" \/>\n<link rel=\"canonical\" href=\"https:\/\/www.arapak.se\/sv\/sealertec\/\" \/>\n<meta property=\"og:locale\" content=\"sv_SE\" \/>\n<meta property=\"og:type\" content=\"article\" \/>\n<meta property=\"og:title\" content=\"Sealertec flamf\u00f6rseglare- flame sealers och snabba limmaskiner- Arapak\" \/>\n<meta property=\"og:description\" content=\"V\u00e4rldsledande inom flamf\u00f6rsegling med skiving och hemming. Leverant\u00f6r av v\u00e4rldens snabbaste limmaskiner f\u00f6r daglig produktion.\" \/>\n<meta property=\"og:url\" content=\"https:\/\/www.arapak.se\/sv\/sealertec\/\" \/>\n<meta property=\"og:site_name\" content=\"Arapak\" \/>\n<meta property=\"article:modified_time\" content=\"2025-01-27T13:12:33+00:00\" \/>\n<meta property=\"og:image\" content=\"https:\/\/www.arapak.se\/wp-content\/uploads\/2024\/11\/Sealerterc-cropped-FS-95-FLAMESEALER-02.jpg\" \/>\n\t<meta property=\"og:image:width\" content=\"2000\" \/>\n\t<meta property=\"og:image:height\" content=\"273\" \/>\n\t<meta property=\"og:image:type\" content=\"image\/jpeg\" \/>\n<meta name=\"twitter:card\" content=\"summary_large_image\" \/>\n<meta name=\"twitter:label1\" content=\"Ber\u00e4knad l\u00e4stid\" \/>\n\t<meta name=\"twitter:data1\" content=\"2 minuter\" \/>\n<script type=\"application\/ld+json\" class=\"yoast-schema-graph\">{\"@context\":\"https:\/\/schema.org\",\"@graph\":[{\"@type\":\"WebPage\",\"@id\":\"https:\/\/www.arapak.se\/sv\/sealertec\/\",\"url\":\"https:\/\/www.arapak.se\/sv\/sealertec\/\",\"name\":\"Sealertec flamf\u00f6rseglare- flame sealers och snabba limmaskiner- Arapak\",\"isPartOf\":{\"@id\":\"https:\/\/www.arapak.se\/#website\"},\"primaryImageOfPage\":{\"@id\":\"https:\/\/www.arapak.se\/sv\/sealertec\/#primaryimage\"},\"image\":{\"@id\":\"https:\/\/www.arapak.se\/sv\/sealertec\/#primaryimage\"},\"thumbnailUrl\":\"https:\/\/www.arapak.se\/wp-content\/uploads\/2024\/11\/Sealerterc-cropped-FS-95-FLAMESEALER-02-150x20.jpg\",\"datePublished\":\"2016-04-19T05:09:56+00:00\",\"dateModified\":\"2025-01-27T13:12:33+00:00\",\"description\":\"V\u00e4rldsledande inom flamf\u00f6rsegling med skiving och hemming. Leverant\u00f6r av v\u00e4rldens snabbaste limmaskiner f\u00f6r daglig produktion.\",\"breadcrumb\":{\"@id\":\"https:\/\/www.arapak.se\/sv\/sealertec\/#breadcrumb\"},\"inLanguage\":\"sv-SE\",\"potentialAction\":[{\"@type\":\"ReadAction\",\"target\":[\"https:\/\/www.arapak.se\/sv\/sealertec\/\"]}]},{\"@type\":\"ImageObject\",\"inLanguage\":\"sv-SE\",\"@id\":\"https:\/\/www.arapak.se\/sv\/sealertec\/#primaryimage\",\"url\":\"https:\/\/www.arapak.se\/wp-content\/uploads\/2024\/11\/Sealerterc-cropped-FS-95-FLAMESEALER-02-150x20.jpg\",\"contentUrl\":\"https:\/\/www.arapak.se\/wp-content\/uploads\/2024\/11\/Sealerterc-cropped-FS-95-FLAMESEALER-02-150x20.jpg\"},{\"@type\":\"BreadcrumbList\",\"@id\":\"https:\/\/www.arapak.se\/sv\/sealertec\/#breadcrumb\",\"itemListElement\":[{\"@type\":\"ListItem\",\"position\":1,\"name\":\"Home\",\"item\":\"https:\/\/www.arapak.se\/sv\/\"},{\"@type\":\"ListItem\",\"position\":2,\"name\":\"Sealertec -Flamf\u00f6rseglingsmaskiner -Flame Sealers\"}]},{\"@type\":\"WebSite\",\"@id\":\"https:\/\/www.arapak.se\/#website\",\"url\":\"https:\/\/www.arapak.se\/\",\"name\":\"Arapak\",\"description\":\"New and second hand machines for the converting of Paper, Foil, Folding Carton and Corrugated.\",\"potentialAction\":[{\"@type\":\"SearchAction\",\"target\":{\"@type\":\"EntryPoint\",\"urlTemplate\":\"https:\/\/www.arapak.se\/?s={search_term_string}\"},\"query-input\":{\"@type\":\"PropertyValueSpecification\",\"valueRequired\":true,\"valueName\":\"search_term_string\"}}],\"inLanguage\":\"sv-SE\"}]}<\/script>\n<!-- \/ Yoast SEO plugin. -->","yoast_head_json":{"title":"Sealertec flamf\u00f6rseglare- flame sealers och snabba limmaskiner- Arapak","description":"V\u00e4rldsledande inom flamf\u00f6rsegling med skiving och hemming. Leverant\u00f6r av v\u00e4rldens snabbaste limmaskiner f\u00f6r daglig produktion.","robots":{"index":"index","follow":"follow","max-snippet":"max-snippet:-1","max-image-preview":"max-image-preview:large","max-video-preview":"max-video-preview:-1"},"canonical":"https:\/\/www.arapak.se\/sv\/sealertec\/","og_locale":"sv_SE","og_type":"article","og_title":"Sealertec flamf\u00f6rseglare- flame sealers och snabba limmaskiner- Arapak","og_description":"V\u00e4rldsledande inom flamf\u00f6rsegling med skiving och hemming. Leverant\u00f6r av v\u00e4rldens snabbaste limmaskiner f\u00f6r daglig produktion.","og_url":"https:\/\/www.arapak.se\/sv\/sealertec\/","og_site_name":"Arapak","article_modified_time":"2025-01-27T13:12:33+00:00","og_image":[{"width":2000,"height":273,"url":"https:\/\/www.arapak.se\/wp-content\/uploads\/2024\/11\/Sealerterc-cropped-FS-95-FLAMESEALER-02.jpg","type":"image\/jpeg"}],"twitter_card":"summary_large_image","twitter_misc":{"Ber\u00e4knad l\u00e4stid":"2 minuter"},"schema":{"@context":"https:\/\/schema.org","@graph":[{"@type":"WebPage","@id":"https:\/\/www.arapak.se\/sv\/sealertec\/","url":"https:\/\/www.arapak.se\/sv\/sealertec\/","name":"Sealertec flamf\u00f6rseglare- flame sealers och snabba limmaskiner- Arapak","isPartOf":{"@id":"https:\/\/www.arapak.se\/#website"},"primaryImageOfPage":{"@id":"https:\/\/www.arapak.se\/sv\/sealertec\/#primaryimage"},"image":{"@id":"https:\/\/www.arapak.se\/sv\/sealertec\/#primaryimage"},"thumbnailUrl":"https:\/\/www.arapak.se\/wp-content\/uploads\/2024\/11\/Sealerterc-cropped-FS-95-FLAMESEALER-02-150x20.jpg","datePublished":"2016-04-19T05:09:56+00:00","dateModified":"2025-01-27T13:12:33+00:00","description":"V\u00e4rldsledande inom flamf\u00f6rsegling med skiving och hemming. Leverant\u00f6r av v\u00e4rldens snabbaste limmaskiner f\u00f6r daglig produktion.","breadcrumb":{"@id":"https:\/\/www.arapak.se\/sv\/sealertec\/#breadcrumb"},"inLanguage":"sv-SE","potentialAction":[{"@type":"ReadAction","target":["https:\/\/www.arapak.se\/sv\/sealertec\/"]}]},{"@type":"ImageObject","inLanguage":"sv-SE","@id":"https:\/\/www.arapak.se\/sv\/sealertec\/#primaryimage","url":"https:\/\/www.arapak.se\/wp-content\/uploads\/2024\/11\/Sealerterc-cropped-FS-95-FLAMESEALER-02-150x20.jpg","contentUrl":"https:\/\/www.arapak.se\/wp-content\/uploads\/2024\/11\/Sealerterc-cropped-FS-95-FLAMESEALER-02-150x20.jpg"},{"@type":"BreadcrumbList","@id":"https:\/\/www.arapak.se\/sv\/sealertec\/#breadcrumb","itemListElement":[{"@type":"ListItem","position":1,"name":"Home","item":"https:\/\/www.arapak.se\/sv\/"},{"@type":"ListItem","position":2,"name":"Sealertec -Flamf\u00f6rseglingsmaskiner -Flame Sealers"}]},{"@type":"WebSite","@id":"https:\/\/www.arapak.se\/#website","url":"https:\/\/www.arapak.se\/","name":"Arapak","description":"New and second hand machines for the converting of Paper, Foil, Folding Carton and Corrugated.","potentialAction":[{"@type":"SearchAction","target":{"@type":"EntryPoint","urlTemplate":"https:\/\/www.arapak.se\/?s={search_term_string}"},"query-input":{"@type":"PropertyValueSpecification","valueRequired":true,"valueName":"search_term_string"}}],"inLanguage":"sv-SE"}]}},"_links":{"self":[{"href":"https:\/\/www.arapak.se\/sv\/wp-json\/wp\/v2\/pages\/4221","targetHints":{"allow":["GET"]}}],"collection":[{"href":"https:\/\/www.arapak.se\/sv\/wp-json\/wp\/v2\/pages"}],"about":[{"href":"https:\/\/www.arapak.se\/sv\/wp-json\/wp\/v2\/types\/page"}],"author":[{"embeddable":true,"href":"https:\/\/www.arapak.se\/sv\/wp-json\/wp\/v2\/users\/1"}],"replies":[{"embeddable":true,"href":"https:\/\/www.arapak.se\/sv\/wp-json\/wp\/v2\/comments?post=4221"}],"version-history":[{"count":4,"href":"https:\/\/www.arapak.se\/sv\/wp-json\/wp\/v2\/pages\/4221\/revisions"}],"predecessor-version":[{"id":13065,"href":"https:\/\/www.arapak.se\/sv\/wp-json\/wp\/v2\/pages\/4221\/revisions\/13065"}],"wp:attachment":[{"href":"https:\/\/www.arapak.se\/sv\/wp-json\/wp\/v2\/media?parent=4221"}],"curies":[{"name":"wp","href":"https:\/\/api.w.org\/{rel}","templated":true}]}}