{"id":10143,"date":"2022-04-08T07:49:23","date_gmt":"2022-04-08T05:49:23","guid":{"rendered":"https:\/\/www.arapak.se\/?page_id=10143"},"modified":"2024-04-16T16:53:12","modified_gmt":"2024-04-16T14:53:12","slug":"kompakt-automatisk-lim-och-tejpmaskin-aragluer","status":"publish","type":"page","link":"https:\/\/www.arapak.se\/sv\/kompakt-automatisk-lim-och-tejpmaskin-aragluer\/","title":{"rendered":"Automatisk lim- och tejpmaskin- Aragluer"},"content":{"rendered":"<div class=\"fusion-fullwidth fullwidth-box fusion-builder-row-1 fusion-flex-container nonhundred-percent-fullwidth non-hundred-percent-height-scrolling\" style=\"--awb-border-radius-top-left:0px;--awb-border-radius-top-right:0px;--awb-border-radius-bottom-right:0px;--awb-border-radius-bottom-left:0px;\" ><div class=\"fusion-builder-row fusion-row fusion-flex-align-items-flex-start\" style=\"max-width:1216.8px;margin-left: calc(-4% \/ 2 );margin-right: calc(-4% \/ 2 );\"><div class=\"fusion-layout-column fusion_builder_column fusion-builder-column-0 fusion_builder_column_1_1 1_1 fusion-flex-column\" style=\"--awb-bg-size:cover;--awb-width-large:100%;--awb-margin-top-large:0px;--awb-spacing-right-large:1.92%;--awb-margin-bottom-large:0px;--awb-spacing-left-large:1.92%;--awb-width-medium:100%;--awb-spacing-right-medium:1.92%;--awb-spacing-left-medium:1.92%;--awb-width-small:100%;--awb-spacing-right-small:1.92%;--awb-spacing-left-small:1.92%;\"><div class=\"fusion-column-wrapper fusion-flex-justify-content-flex-start fusion-content-layout-column\"><div class=\"fusion-text fusion-text-1\"><h3><span style=\"color: #000000;\">Kompakt automatisk lim- och tejpmaskin- Aragluer.<br \/>\nSpeciellt utvecklad f\u00f6r korta serier<\/span><\/h3>\n<div style=\"width: 1170px;\" class=\"wp-video\"><video class=\"wp-video-shortcode\" id=\"video-10143-1\" width=\"1170\" height=\"658\" preload=\"metadata\" controls=\"controls\"><source type=\"video\/mp4\" src=\"https:\/\/www.arapak.se\/wp-content\/uploads\/2023\/06\/Aragluer-1000-running-large-Lock-bottom-in-B-Flute..mp4?_=1\" \/><a href=\"https:\/\/www.arapak.se\/wp-content\/uploads\/2023\/06\/Aragluer-1000-running-large-Lock-bottom-in-B-Flute..mp4\">https:\/\/www.arapak.se\/wp-content\/uploads\/2023\/06\/Aragluer-1000-running-large-Lock-bottom-in-B-Flute..mp4<\/a><\/video><\/div>\n<p>Automatisk lim- och tejpmaskin- Aragluer \u00e4r utvecklad av Arapak<\/p>\n<p><span style=\"color: #000000;\">Maskinen \u00e4r liten och kompakt maskin och kan utrustas med en eller flera automatiska tejpapplikatorer, <span style=\"color: #000080;\"><strong><a style=\"color: #000080;\" href=\"https:\/\/www.arapak.se\/sv\/automatisk-tejpapplikator-arataper\/\">Arataper.<\/a><\/strong><\/span><\/span><\/p>\n<ul>\n<li><span style=\"color: #000000;\"><b>\u00a0<\/b>Raklimmat, snabbotten och frontvikta kuvert och fickor\u00a0\u00a0<\/span><\/li>\n<li><span style=\"color: #000000;\">Automatisk il\u00e4ggare f\u00f6r \u00e4mnen upp till 1000 mm bredd *)<\/span><\/li>\n<li><span style=\"color: #000000;\">\u00a0Wellpappark i upp till 2 m ovikt bredd som viks manuellt &#8211; limmas som raklimmat<\/span><\/li>\n<li><span style=\"color: #000000;\">Friktions- eller Takt-il\u00e4ggare f\u00f6r styrd start\/stopp med inst\u00e4llbart avst\u00e5nd mellan \u00e4mnena<\/span><\/li>\n<li><span style=\"color: #000000;\">Sidouppriktning av korta \u00e4mnen efter il\u00e4ggning. V\u00e4nster och\/eller h\u00f6ger sida<\/span><\/li>\n<li><span style=\"color: #000000;\">Remvikning v\u00e4nster och h\u00f6ger sida (option)<\/span><\/li>\n<li><span style=\"color: #000000;\">Falsficka f\u00f6r frontvikning av flikar f\u00f6r kuvert och olika fickor (option)<\/span><\/li>\n<li><span style=\"color: #000000;\">Sm\u00e4ltlimsystem med 1-3 limpistoler (option)\u00a0<\/span><\/li>\n<li><span style=\"color: #000000;\">\u00d6vre rembanor kan flyttas till \u00f6nskade positioner<\/span><\/li>\n<li><span style=\"color: #000000;\">Uppsamlingsbana f\u00f6r f\u00e4rdiga produkter (option)<\/span><\/li>\n<li><span style=\"color: #000000;\"><span style=\"color: #000000;\">Wifi-anslutning f\u00f6r kontroll och uppgradering. M\u00f6jlighet att ansluta kameror. (option)<\/span><\/span><\/li>\n<li><strong><strong><span style=\"color: #333333;\">Energim\u00e4tning- hur m\u00e5nga KwH och\/eller liter tryckluft\u00a0 f\u00f6rbrukar maskinen (option)<\/span><\/strong><\/strong>*) f\u00f6r bredder upp till 1300 mm rekommenderas v\u00e5r <a href=\"http:\/\/*) for widths up to 1300 mm we recommend our Arataper TA 130.\">Arataper TA 130<\/a><\/li>\n<\/ul>\n<div id=\"attachment_11728\" style=\"width: 606px\" class=\"wp-caption alignnone\"><img decoding=\"async\" aria-describedby=\"caption-attachment-11728\" class=\" wp-image-11728\" src=\"https:\/\/www.arapak.se\/wp-content\/uploads\/2022\/11\/Aragluer-Power-Meter-1-142x150.jpg\" alt=\"Aragluer Power Meter\" width=\"596\" height=\"630\" srcset=\"https:\/\/www.arapak.se\/wp-content\/uploads\/2022\/11\/Aragluer-Power-Meter-1-142x150.jpg 142w, https:\/\/www.arapak.se\/wp-content\/uploads\/2022\/11\/Aragluer-Power-Meter-1-200x211.jpg 200w, https:\/\/www.arapak.se\/wp-content\/uploads\/2022\/11\/Aragluer-Power-Meter-1-284x300.jpg 284w, https:\/\/www.arapak.se\/wp-content\/uploads\/2022\/11\/Aragluer-Power-Meter-1-400x423.jpg 400w, https:\/\/www.arapak.se\/wp-content\/uploads\/2022\/11\/Aragluer-Power-Meter-1-500x529.jpg 500w, https:\/\/www.arapak.se\/wp-content\/uploads\/2022\/11\/Aragluer-Power-Meter-1-600x634.jpg 600w, https:\/\/www.arapak.se\/wp-content\/uploads\/2022\/11\/Aragluer-Power-Meter-1-700x740.jpg 700w, https:\/\/www.arapak.se\/wp-content\/uploads\/2022\/11\/Aragluer-Power-Meter-1-800x846.jpg 800w, https:\/\/www.arapak.se\/wp-content\/uploads\/2022\/11\/Aragluer-Power-Meter-1-968x1024.jpg 968w, https:\/\/www.arapak.se\/wp-content\/uploads\/2022\/11\/Aragluer-Power-Meter-1-1200x1269.jpg 1200w, https:\/\/www.arapak.se\/wp-content\/uploads\/2022\/11\/Aragluer-Power-Meter-1-1320x1396.jpg 1320w, https:\/\/www.arapak.se\/wp-content\/uploads\/2022\/11\/Aragluer-Power-Meter-1-1453x1536.jpg 1453w\" sizes=\"(max-width: 596px) 100vw, 596px\" \/><p id=\"caption-attachment-11728\" class=\"wp-caption-text\">Aragluer Power Meter<\/p><\/div>\n<h3><span style=\"color: #000000;\">Aragluer 1000 kan utrustas f\u00f6r olika uppgifter;<\/span><\/h3>\n<p><span style=\"color: #000000;\">&#8211; halvautomatisk limmaskin f\u00f6r upp till 2 m breda ovikta wellappark. Dessa viks manuellt vid il\u00e4ggaren.<\/span><br \/>\n<span style=\"color: #000000;\">En rostfri skena h\u00e5ller upp ena fliken s\u00e5 applicering kan ske p\u00e5 limfliken.<\/span><\/p>\n<p><span style=\"color: #000000;\">&#8211; automatisk limmaskin f\u00f6r kartong och wellpapp<\/span><\/p>\n<p><span style=\"color: #000000;\">&#8211; <a href=\"https:\/\/www.arapak.se\/sv\/automatisk-applikator-for-fingerlyfttejp-till-e-handelslador-arataper\/\"><span style=\"color: #0000ff;\">basmaskin f\u00f6r\u00a0 ARATAPER<\/span><\/a>, v\u00e5r egen automatiska applikator f\u00f6r\u00a0 dubbelh\u00e4ftande fingerlyfttejp och rivremsor.<\/span><br \/>\n<span style=\"color: #000000;\">1-3 applikatorer kan anv\u00e4ndas samtidigt.<\/span><\/p>\n<p><span style=\"color: #000000;\">Aragluer 1000 \u00e4r enkel att st\u00e4lla in och k\u00f6ra.<\/span><br \/>\n<span style=\"color: #000000;\">Peksk\u00e4rm med minnesfunktion f\u00f6r k\u00f6rda order och kontroll av produktion.<\/span><\/p>\n<div style=\"width: 720px;\" class=\"wp-video\"><video class=\"wp-video-shortcode\" id=\"video-10143-2\" width=\"720\" height=\"576\" preload=\"metadata\" controls=\"controls\"><source type=\"video\/mp4\" src=\"https:\/\/www.arapak.se\/wp-content\/uploads\/2022\/08\/Aragluer-friction-feed-and-timed-feed-1.mp4?_=2\" \/><a href=\"https:\/\/www.arapak.se\/wp-content\/uploads\/2022\/08\/Aragluer-friction-feed-and-timed-feed-1.mp4\">https:\/\/www.arapak.se\/wp-content\/uploads\/2022\/08\/Aragluer-friction-feed-and-timed-feed-1.mp4<\/a><\/video><\/div>\n<p><span style=\"color: #000000;\">Friktionsil\u00e4ggare eller taktil\u00e4ggare<\/span><\/p>\n<div style=\"width: 720px;\" class=\"wp-video\"><video class=\"wp-video-shortcode\" id=\"video-10143-3\" width=\"720\" height=\"576\" preload=\"metadata\" controls=\"controls\"><source type=\"video\/mp4\" src=\"https:\/\/www.arapak.se\/wp-content\/uploads\/2022\/08\/Test-Aragluer-Konvolut.mp4?_=3\" \/><a href=\"https:\/\/www.arapak.se\/wp-content\/uploads\/2022\/08\/Test-Aragluer-Konvolut.mp4\">https:\/\/www.arapak.se\/wp-content\/uploads\/2022\/08\/Test-Aragluer-Konvolut.mp4<\/a><\/video><\/div>\n<p><span style=\"color: #000000;\">\u00a0Aragluer\u00a0 testk\u00f6rning\u00a0 av <a href=\"https:\/\/www.arapak.se\/wp-content\/uploads\/2023\/02\/Aragluer-R-test-w-glue.mp4\">kuvert<\/a>\/<a href=\"https:\/\/www.arapak.se\/wp-content\/uploads\/2023\/02\/Aragluer-R-test-w-glue.mp4\">falsfickor<\/a><br \/>\n<\/span><\/p>\n<div style=\"width: 720px;\" class=\"wp-video\"><video class=\"wp-video-shortcode\" id=\"video-10143-4\" width=\"720\" height=\"576\" preload=\"metadata\" controls=\"controls\"><source type=\"video\/mp4\" src=\"https:\/\/www.arapak.se\/wp-content\/uploads\/2022\/08\/Aragluer-side-register-alignment-1.mp4?_=4\" \/><a href=\"https:\/\/www.arapak.se\/wp-content\/uploads\/2022\/08\/Aragluer-side-register-alignment-1.mp4\">https:\/\/www.arapak.se\/wp-content\/uploads\/2022\/08\/Aragluer-side-register-alignment-1.mp4<\/a><\/video><\/div>\n<p>Sidouppriktning av \u00e4mnen (korta)<\/p>\n<div style=\"width: 720px;\" class=\"wp-video\"><video class=\"wp-video-shortcode\" id=\"video-10143-5\" width=\"720\" height=\"576\" preload=\"metadata\" controls=\"controls\"><source type=\"video\/mp4\" src=\"https:\/\/www.arapak.se\/wp-content\/uploads\/2022\/08\/Aragluer-with-Arataper-fingerlift-and-tear-tape-trial-1.mp4?_=5\" \/><a href=\"https:\/\/www.arapak.se\/wp-content\/uploads\/2022\/08\/Aragluer-with-Arataper-fingerlift-and-tear-tape-trial-1.mp4\">https:\/\/www.arapak.se\/wp-content\/uploads\/2022\/08\/Aragluer-with-Arataper-fingerlift-and-tear-tape-trial-1.mp4<\/a><\/video><\/div>\n<p><span style=\"color: #000000;\">Aragluer som basmaskin f\u00f6r v\u00e5r tejpapplikator- h\u00e4r visas fingerlyfttejp resp. rivremsa 4 mm<\/span><\/p>\n<div style=\"width: 720px;\" class=\"wp-video\"><video class=\"wp-video-shortcode\" id=\"video-10143-6\" width=\"720\" height=\"576\" preload=\"metadata\" controls=\"controls\"><source type=\"video\/mp4\" src=\"https:\/\/www.arapak.se\/wp-content\/uploads\/2022\/08\/Aragluer-backwards-1.mp4?_=6\" \/><a href=\"https:\/\/www.arapak.se\/wp-content\/uploads\/2022\/08\/Aragluer-backwards-1.mp4\">https:\/\/www.arapak.se\/wp-content\/uploads\/2022\/08\/Aragluer-backwards-1.mp4<\/a><\/video><\/div>\n<p><span style=\"color: #000000;\">Aragluer kan k\u00f6ras bakl\u00e4nges vid behov.<\/span><\/p>\n<p>Nedan provk\u00f6rning av snabbotten N-Well.<\/p>\n<div style=\"width: 1170px;\" class=\"wp-video\"><video class=\"wp-video-shortcode\" id=\"video-10143-7\" width=\"1170\" height=\"658\" preload=\"metadata\" controls=\"controls\"><source type=\"video\/mp4\" src=\"https:\/\/www.arapak.se\/wp-content\/uploads\/2023\/06\/Aragluer-running-small-Lock-bottom-N-Flute.mp4?_=7\" \/><a href=\"https:\/\/www.arapak.se\/wp-content\/uploads\/2023\/06\/Aragluer-running-small-Lock-bottom-N-Flute.mp4\">https:\/\/www.arapak.se\/wp-content\/uploads\/2023\/06\/Aragluer-running-small-Lock-bottom-N-Flute.mp4<\/a><\/video><\/div>\n<p>H\u00e4r k\u00f6r vi en stor snabbotten i B-well.<\/p>\n<p><span style=\"color: #000000;\">Data:<\/span><br \/>\n<span style=\"color: #000000;\">\u00c4mnesbredd: 50- 950 mm (- 2000 mm med manuell vikning vid il\u00e4ggaren.<\/span><br \/>\n<span style=\"color: #000000;\">\u00c4mnesl\u00e4ngd: 50 &#8211; 1000 mm (eller i praktiken obegr\u00e4nsad vid manuell il\u00e4ggning och avl\u00e4ggning).<\/span><br \/>\n<span style=\"color: #000000;\">Hastighet: upp till 60 m\/min (h\u00f6gre hastigheter kan offereras).<br \/>\nNotera, att sm\u00e4ltlim m\u00e5ste kallna f\u00f6r att h\u00e5ll aihop och att hastigheten f\u00e5r anpassas till detta.<br \/>\nOlika l\u00f6sningar finns f\u00f6r att ta emot limmade och ihopvikta l\u00e5dor\/kapslar.<\/span><\/p>\n<p><div style=\"width: 1170px;\" class=\"wp-video\"><video class=\"wp-video-shortcode\" id=\"video-10143-8\" width=\"1170\" height=\"658\" preload=\"metadata\" controls=\"controls\"><source type=\"video\/mp4\" src=\"https:\/\/www.arapak.se\/wp-content\/uploads\/2022\/12\/Aragluer-prov-snabbotten-uppriktning-1.mp4?_=8\" \/><a href=\"https:\/\/www.arapak.se\/wp-content\/uploads\/2022\/12\/Aragluer-prov-snabbotten-uppriktning-1.mp4\">https:\/\/www.arapak.se\/wp-content\/uploads\/2022\/12\/Aragluer-prov-snabbotten-uppriktning-1.mp4<\/a><\/video><\/div>\n<div style=\"width: 1170px;\" class=\"wp-video\"><video class=\"wp-video-shortcode\" id=\"video-10143-9\" width=\"1170\" height=\"658\" preload=\"metadata\" controls=\"controls\"><source type=\"video\/mp4\" src=\"https:\/\/www.arapak.se\/wp-content\/uploads\/2023\/04\/Arataper-running-2-tapes-on2-LB-boxes.mp4?_=9\" \/><a href=\"https:\/\/www.arapak.se\/wp-content\/uploads\/2023\/04\/Arataper-running-2-tapes-on2-LB-boxes.mp4\">https:\/\/www.arapak.se\/wp-content\/uploads\/2023\/04\/Arataper-running-2-tapes-on2-LB-boxes.mp4<\/a><\/video><\/div><\/p>\n<p>Se Arataper applicera fingerlyfttejp p\u00e5 en limmad snabbottenkapsel.<\/p>\n<div style=\"width: 720px;\" class=\"wp-video\"><video class=\"wp-video-shortcode\" id=\"video-10143-10\" width=\"720\" height=\"1280\" preload=\"metadata\" controls=\"controls\"><source type=\"video\/mp4\" src=\"https:\/\/www.arapak.se\/wp-content\/uploads\/2023\/06\/Arataper-aplying-on-readymade-box-in-AG.mp4?_=10\" \/><a href=\"https:\/\/www.arapak.se\/wp-content\/uploads\/2023\/06\/Arataper-aplying-on-readymade-box-in-AG.mp4\">https:\/\/www.arapak.se\/wp-content\/uploads\/2023\/06\/Arataper-aplying-on-readymade-box-in-AG.mp4<\/a><\/video><\/div>\n<p><span style=\"color: #000000;\">F\u00f6r mer information om v\u00e5r egen tejpapplikator, Arataper,\u00a0<b><a style=\"color: #000000;\" href=\"https:\/\/www.arapak.se\/aratape\/?lang=sv\"><span style=\"color: #0000ff;\"> bes\u00f6k Arataper webbsida!<\/span><\/a><\/b><\/span><\/p>\n<p>Vi kan \u00e4ven legok\u00f6ra f\u00f6rpackningar via v\u00e5rt bolag, <a href=\"http:\/\/arabox.se\/\">Arabox.<\/a><\/p>\n<h4><span style=\"color: #000000;\"><em>Bidragsfritt utvecklad och producerad av Arapak i Sverige<\/em><\/span><\/h4>\n<\/div><\/div><\/div><\/div><\/div>\n","protected":false},"excerpt":{"rendered":"","protected":false},"author":1,"featured_media":10642,"parent":0,"menu_order":0,"comment_status":"closed","ping_status":"closed","template":"","meta":{"footnotes":""},"class_list":["post-10143","page","type-page","status-publish","has-post-thumbnail","hentry"],"yoast_head":"<!-- This site is optimized with the Yoast SEO plugin v23.8 - https:\/\/yoast.com\/wordpress\/plugins\/seo\/ -->\n<title>Automatisk lim- och tejpmaskin- Aragluer - Arapak<\/title>\n<meta name=\"description\" content=\"Kompakt automatisk lim- och tejpmaskin- Aragluer. Kan f\u00f6rses med en eller flera automatisk tejpapplikatorer, Arataper. Med ett sm\u00e4ltlimaggregat kan den limma de vanligatse f\u00f6rpackningarna. M\u00f6jlighet till en falsficka f\u00f6r kuvert och liknande. Utvecklad och producerad i Sverige.\" \/>\n<meta name=\"robots\" content=\"index, follow, max-snippet:-1, max-image-preview:large, max-video-preview:-1\" \/>\n<link rel=\"canonical\" href=\"https:\/\/www.arapak.se\/sv\/kompakt-automatisk-lim-och-tejpmaskin-aragluer\/\" \/>\n<meta property=\"og:locale\" content=\"sv_SE\" \/>\n<meta property=\"og:type\" content=\"article\" \/>\n<meta property=\"og:title\" content=\"Automatisk lim- och tejpmaskin- Aragluer - Arapak\" \/>\n<meta property=\"og:description\" content=\"Kompakt automatisk lim- och tejpmaskin- Aragluer. Kan f\u00f6rses med en eller flera automatisk tejpapplikatorer, Arataper. Med ett sm\u00e4ltlimaggregat kan den limma de vanligatse f\u00f6rpackningarna. M\u00f6jlighet till en falsficka f\u00f6r kuvert och liknande. Utvecklad och producerad i Sverige.\" \/>\n<meta property=\"og:url\" content=\"https:\/\/www.arapak.se\/sv\/kompakt-automatisk-lim-och-tejpmaskin-aragluer\/\" \/>\n<meta property=\"og:site_name\" content=\"Arapak\" \/>\n<meta property=\"article:modified_time\" content=\"2024-04-16T14:53:12+00:00\" \/>\n<meta property=\"og:image\" content=\"https:\/\/www.arapak.se\/wp-content\/uploads\/2022\/08\/Aragluer-1000-top-view-2.jpg\" \/>\n\t<meta property=\"og:image:width\" content=\"1920\" \/>\n\t<meta property=\"og:image:height\" content=\"1080\" \/>\n\t<meta property=\"og:image:type\" content=\"image\/jpeg\" \/>\n<meta name=\"twitter:card\" content=\"summary_large_image\" \/>\n<meta name=\"twitter:label1\" content=\"Ber\u00e4knad l\u00e4stid\" \/>\n\t<meta name=\"twitter:data1\" content=\"3 minuter\" \/>\n<script type=\"application\/ld+json\" class=\"yoast-schema-graph\">{\"@context\":\"https:\/\/schema.org\",\"@graph\":[{\"@type\":\"WebPage\",\"@id\":\"https:\/\/www.arapak.se\/sv\/kompakt-automatisk-lim-och-tejpmaskin-aragluer\/\",\"url\":\"https:\/\/www.arapak.se\/sv\/kompakt-automatisk-lim-och-tejpmaskin-aragluer\/\",\"name\":\"Automatisk lim- och tejpmaskin- Aragluer - Arapak\",\"isPartOf\":{\"@id\":\"https:\/\/www.arapak.se\/#website\"},\"primaryImageOfPage\":{\"@id\":\"https:\/\/www.arapak.se\/sv\/kompakt-automatisk-lim-och-tejpmaskin-aragluer\/#primaryimage\"},\"image\":{\"@id\":\"https:\/\/www.arapak.se\/sv\/kompakt-automatisk-lim-och-tejpmaskin-aragluer\/#primaryimage\"},\"thumbnailUrl\":\"https:\/\/www.arapak.se\/wp-content\/uploads\/2022\/08\/Aragluer-1000-top-view-2.jpg\",\"datePublished\":\"2022-04-08T05:49:23+00:00\",\"dateModified\":\"2024-04-16T14:53:12+00:00\",\"description\":\"Kompakt automatisk lim- och tejpmaskin- Aragluer. Kan f\u00f6rses med en eller flera automatisk tejpapplikatorer, Arataper. Med ett sm\u00e4ltlimaggregat kan den limma de vanligatse f\u00f6rpackningarna. M\u00f6jlighet till en falsficka f\u00f6r kuvert och liknande. Utvecklad och producerad i Sverige.\",\"breadcrumb\":{\"@id\":\"https:\/\/www.arapak.se\/sv\/kompakt-automatisk-lim-och-tejpmaskin-aragluer\/#breadcrumb\"},\"inLanguage\":\"sv-SE\",\"potentialAction\":[{\"@type\":\"ReadAction\",\"target\":[\"https:\/\/www.arapak.se\/sv\/kompakt-automatisk-lim-och-tejpmaskin-aragluer\/\"]}]},{\"@type\":\"ImageObject\",\"inLanguage\":\"sv-SE\",\"@id\":\"https:\/\/www.arapak.se\/sv\/kompakt-automatisk-lim-och-tejpmaskin-aragluer\/#primaryimage\",\"url\":\"https:\/\/www.arapak.se\/wp-content\/uploads\/2022\/08\/Aragluer-1000-top-view-2.jpg\",\"contentUrl\":\"https:\/\/www.arapak.se\/wp-content\/uploads\/2022\/08\/Aragluer-1000-top-view-2.jpg\",\"width\":1920,\"height\":1080,\"caption\":\"Aragluer 1000 top view\"},{\"@type\":\"BreadcrumbList\",\"@id\":\"https:\/\/www.arapak.se\/sv\/kompakt-automatisk-lim-och-tejpmaskin-aragluer\/#breadcrumb\",\"itemListElement\":[{\"@type\":\"ListItem\",\"position\":1,\"name\":\"Home\",\"item\":\"https:\/\/www.arapak.se\/sv\/\"},{\"@type\":\"ListItem\",\"position\":2,\"name\":\"Automatisk lim- och tejpmaskin- Aragluer\"}]},{\"@type\":\"WebSite\",\"@id\":\"https:\/\/www.arapak.se\/#website\",\"url\":\"https:\/\/www.arapak.se\/\",\"name\":\"Arapak\",\"description\":\"New and second hand machines for the converting of Paper, Foil, Folding Carton and Corrugated.\",\"potentialAction\":[{\"@type\":\"SearchAction\",\"target\":{\"@type\":\"EntryPoint\",\"urlTemplate\":\"https:\/\/www.arapak.se\/?s={search_term_string}\"},\"query-input\":{\"@type\":\"PropertyValueSpecification\",\"valueRequired\":true,\"valueName\":\"search_term_string\"}}],\"inLanguage\":\"sv-SE\"}]}<\/script>\n<!-- \/ Yoast SEO plugin. -->","yoast_head_json":{"title":"Automatisk lim- och tejpmaskin- Aragluer - Arapak","description":"Kompakt automatisk lim- och tejpmaskin- Aragluer. Kan f\u00f6rses med en eller flera automatisk tejpapplikatorer, Arataper. Med ett sm\u00e4ltlimaggregat kan den limma de vanligatse f\u00f6rpackningarna. M\u00f6jlighet till en falsficka f\u00f6r kuvert och liknande. Utvecklad och producerad i Sverige.","robots":{"index":"index","follow":"follow","max-snippet":"max-snippet:-1","max-image-preview":"max-image-preview:large","max-video-preview":"max-video-preview:-1"},"canonical":"https:\/\/www.arapak.se\/sv\/kompakt-automatisk-lim-och-tejpmaskin-aragluer\/","og_locale":"sv_SE","og_type":"article","og_title":"Automatisk lim- och tejpmaskin- Aragluer - Arapak","og_description":"Kompakt automatisk lim- och tejpmaskin- Aragluer. Kan f\u00f6rses med en eller flera automatisk tejpapplikatorer, Arataper. Med ett sm\u00e4ltlimaggregat kan den limma de vanligatse f\u00f6rpackningarna. M\u00f6jlighet till en falsficka f\u00f6r kuvert och liknande. Utvecklad och producerad i Sverige.","og_url":"https:\/\/www.arapak.se\/sv\/kompakt-automatisk-lim-och-tejpmaskin-aragluer\/","og_site_name":"Arapak","article_modified_time":"2024-04-16T14:53:12+00:00","og_image":[{"width":1920,"height":1080,"url":"https:\/\/www.arapak.se\/wp-content\/uploads\/2022\/08\/Aragluer-1000-top-view-2.jpg","type":"image\/jpeg"}],"twitter_card":"summary_large_image","twitter_misc":{"Ber\u00e4knad l\u00e4stid":"3 minuter"},"schema":{"@context":"https:\/\/schema.org","@graph":[{"@type":"WebPage","@id":"https:\/\/www.arapak.se\/sv\/kompakt-automatisk-lim-och-tejpmaskin-aragluer\/","url":"https:\/\/www.arapak.se\/sv\/kompakt-automatisk-lim-och-tejpmaskin-aragluer\/","name":"Automatisk lim- och tejpmaskin- Aragluer - Arapak","isPartOf":{"@id":"https:\/\/www.arapak.se\/#website"},"primaryImageOfPage":{"@id":"https:\/\/www.arapak.se\/sv\/kompakt-automatisk-lim-och-tejpmaskin-aragluer\/#primaryimage"},"image":{"@id":"https:\/\/www.arapak.se\/sv\/kompakt-automatisk-lim-och-tejpmaskin-aragluer\/#primaryimage"},"thumbnailUrl":"https:\/\/www.arapak.se\/wp-content\/uploads\/2022\/08\/Aragluer-1000-top-view-2.jpg","datePublished":"2022-04-08T05:49:23+00:00","dateModified":"2024-04-16T14:53:12+00:00","description":"Kompakt automatisk lim- och tejpmaskin- Aragluer. Kan f\u00f6rses med en eller flera automatisk tejpapplikatorer, Arataper. Med ett sm\u00e4ltlimaggregat kan den limma de vanligatse f\u00f6rpackningarna. M\u00f6jlighet till en falsficka f\u00f6r kuvert och liknande. Utvecklad och producerad i Sverige.","breadcrumb":{"@id":"https:\/\/www.arapak.se\/sv\/kompakt-automatisk-lim-och-tejpmaskin-aragluer\/#breadcrumb"},"inLanguage":"sv-SE","potentialAction":[{"@type":"ReadAction","target":["https:\/\/www.arapak.se\/sv\/kompakt-automatisk-lim-och-tejpmaskin-aragluer\/"]}]},{"@type":"ImageObject","inLanguage":"sv-SE","@id":"https:\/\/www.arapak.se\/sv\/kompakt-automatisk-lim-och-tejpmaskin-aragluer\/#primaryimage","url":"https:\/\/www.arapak.se\/wp-content\/uploads\/2022\/08\/Aragluer-1000-top-view-2.jpg","contentUrl":"https:\/\/www.arapak.se\/wp-content\/uploads\/2022\/08\/Aragluer-1000-top-view-2.jpg","width":1920,"height":1080,"caption":"Aragluer 1000 top view"},{"@type":"BreadcrumbList","@id":"https:\/\/www.arapak.se\/sv\/kompakt-automatisk-lim-och-tejpmaskin-aragluer\/#breadcrumb","itemListElement":[{"@type":"ListItem","position":1,"name":"Home","item":"https:\/\/www.arapak.se\/sv\/"},{"@type":"ListItem","position":2,"name":"Automatisk lim- och tejpmaskin- Aragluer"}]},{"@type":"WebSite","@id":"https:\/\/www.arapak.se\/#website","url":"https:\/\/www.arapak.se\/","name":"Arapak","description":"New and second hand machines for the converting of Paper, Foil, Folding Carton and Corrugated.","potentialAction":[{"@type":"SearchAction","target":{"@type":"EntryPoint","urlTemplate":"https:\/\/www.arapak.se\/?s={search_term_string}"},"query-input":{"@type":"PropertyValueSpecification","valueRequired":true,"valueName":"search_term_string"}}],"inLanguage":"sv-SE"}]}},"_links":{"self":[{"href":"https:\/\/www.arapak.se\/sv\/wp-json\/wp\/v2\/pages\/10143","targetHints":{"allow":["GET"]}}],"collection":[{"href":"https:\/\/www.arapak.se\/sv\/wp-json\/wp\/v2\/pages"}],"about":[{"href":"https:\/\/www.arapak.se\/sv\/wp-json\/wp\/v2\/types\/page"}],"author":[{"embeddable":true,"href":"https:\/\/www.arapak.se\/sv\/wp-json\/wp\/v2\/users\/1"}],"replies":[{"embeddable":true,"href":"https:\/\/www.arapak.se\/sv\/wp-json\/wp\/v2\/comments?post=10143"}],"version-history":[{"count":43,"href":"https:\/\/www.arapak.se\/sv\/wp-json\/wp\/v2\/pages\/10143\/revisions"}],"predecessor-version":[{"id":12726,"href":"https:\/\/www.arapak.se\/sv\/wp-json\/wp\/v2\/pages\/10143\/revisions\/12726"}],"wp:featuredmedia":[{"embeddable":true,"href":"https:\/\/www.arapak.se\/sv\/wp-json\/wp\/v2\/media\/10642"}],"wp:attachment":[{"href":"https:\/\/www.arapak.se\/sv\/wp-json\/wp\/v2\/media?parent=10143"}],"curies":[{"name":"wp","href":"https:\/\/api.w.org\/{rel}","templated":true}]}}