{"id":10051,"date":"2021-11-19T07:40:12","date_gmt":"2021-11-19T06:40:12","guid":{"rendered":"https:\/\/www.arapak.se\/fossaluzza-2\/"},"modified":"2023-06-02T07:09:58","modified_gmt":"2023-06-02T05:09:58","slug":"fossaluzza-materialhantering-for-wellpappindustrin","status":"publish","type":"page","link":"https:\/\/www.arapak.se\/sv\/fossaluzza-materialhantering-for-wellpappindustrin\/","title":{"rendered":"Fossaluzza- materialhantering f\u00f6r wellpappindustrin"},"content":{"rendered":"<div class=\"fusion-fullwidth fullwidth-box fusion-builder-row-1 fusion-flex-container nonhundred-percent-fullwidth non-hundred-percent-height-scrolling\" style=\"--awb-border-radius-top-left:0px;--awb-border-radius-top-right:0px;--awb-border-radius-bottom-right:0px;--awb-border-radius-bottom-left:0px;\" ><div class=\"fusion-builder-row fusion-row fusion-flex-align-items-flex-start\" style=\"max-width:1216.8px;margin-left: calc(-4% \/ 2 );margin-right: calc(-4% \/ 2 );\"><div class=\"fusion-layout-column fusion_builder_column fusion-builder-column-0 fusion_builder_column_1_1 1_1 fusion-flex-column\" style=\"--awb-bg-size:cover;--awb-width-large:100%;--awb-margin-top-large:0px;--awb-spacing-right-large:1.92%;--awb-margin-bottom-large:0px;--awb-spacing-left-large:1.92%;--awb-width-medium:100%;--awb-spacing-right-medium:1.92%;--awb-spacing-left-medium:1.92%;--awb-width-small:100%;--awb-spacing-right-small:1.92%;--awb-spacing-left-small:1.92%;\"><div class=\"fusion-column-wrapper fusion-flex-justify-content-flex-start fusion-content-layout-column\"><div class=\"fusion-text fusion-text-1\"><h3><a href=\"https:\/\/www.fossaluzza.com\/\"><strong>Fosaluzza materialhantering f\u00f6r wellpappindustrin<\/strong><\/a><\/h3>\n<p><span style=\"text-decoration: underline;\">Maskinprogram:<\/span><\/p>\n<p>Il\u00e4ggare\/Prefeeder &#8211; Olika modeller f\u00f6r topp- eller bottentryck , platsbehov och investeringsniv\u00e5<\/p>\n<p><img decoding=\"async\" class=\"alignnone wp-image-10047\" src=\"https:\/\/www.arapak.se\/wp-content\/uploads\/2021\/11\/Fossaluzza-prefeeder-star-1-150x88.jpg\" alt=\"\" width=\"374\" height=\"220\" srcset=\"https:\/\/www.arapak.se\/wp-content\/uploads\/2021\/11\/Fossaluzza-prefeeder-star-1-150x88.jpg 150w, https:\/\/www.arapak.se\/wp-content\/uploads\/2021\/11\/Fossaluzza-prefeeder-star-1-200x118.jpg 200w, https:\/\/www.arapak.se\/wp-content\/uploads\/2021\/11\/Fossaluzza-prefeeder-star-1-300x176.jpg 300w, https:\/\/www.arapak.se\/wp-content\/uploads\/2021\/11\/Fossaluzza-prefeeder-star-1-400x235.jpg 400w, https:\/\/www.arapak.se\/wp-content\/uploads\/2021\/11\/Fossaluzza-prefeeder-star-1-500x294.jpg 500w, https:\/\/www.arapak.se\/wp-content\/uploads\/2021\/11\/Fossaluzza-prefeeder-star-1-600x353.jpg 600w, https:\/\/www.arapak.se\/wp-content\/uploads\/2021\/11\/Fossaluzza-prefeeder-star-1-700x412.jpg 700w, https:\/\/www.arapak.se\/wp-content\/uploads\/2021\/11\/Fossaluzza-prefeeder-star-1-800x471.jpg 800w, https:\/\/www.arapak.se\/wp-content\/uploads\/2021\/11\/Fossaluzza-prefeeder-star-1-1024x602.jpg 1024w, https:\/\/www.arapak.se\/wp-content\/uploads\/2021\/11\/Fossaluzza-prefeeder-star-1-1200x706.jpg 1200w, https:\/\/www.arapak.se\/wp-content\/uploads\/2021\/11\/Fossaluzza-prefeeder-star-1-1536x904.jpg 1536w\" sizes=\"(max-width: 374px) 100vw, 374px\" \/><\/p>\n<p>Palletiserare-\u00a0 Automatiska eller halvautomatiska<\/p>\n<p><img decoding=\"async\" class=\"alignnone wp-image-10048\" src=\"https:\/\/www.arapak.se\/wp-content\/uploads\/2021\/11\/Fossaluzza-semi-auto-palletizer-load-former-2-1-150x100.jpg\" alt=\"\" width=\"388\" height=\"258\" srcset=\"https:\/\/www.arapak.se\/wp-content\/uploads\/2021\/11\/Fossaluzza-semi-auto-palletizer-load-former-2-1-150x100.jpg 150w, https:\/\/www.arapak.se\/wp-content\/uploads\/2021\/11\/Fossaluzza-semi-auto-palletizer-load-former-2-1-200x133.jpg 200w, https:\/\/www.arapak.se\/wp-content\/uploads\/2021\/11\/Fossaluzza-semi-auto-palletizer-load-former-2-1-300x199.jpg 300w, https:\/\/www.arapak.se\/wp-content\/uploads\/2021\/11\/Fossaluzza-semi-auto-palletizer-load-former-2-1-400x266.jpg 400w, https:\/\/www.arapak.se\/wp-content\/uploads\/2021\/11\/Fossaluzza-semi-auto-palletizer-load-former-2-1-500x332.jpg 500w, https:\/\/www.arapak.se\/wp-content\/uploads\/2021\/11\/Fossaluzza-semi-auto-palletizer-load-former-2-1-600x398.jpg 600w, https:\/\/www.arapak.se\/wp-content\/uploads\/2021\/11\/Fossaluzza-semi-auto-palletizer-load-former-2-1-700x465.jpg 700w, https:\/\/www.arapak.se\/wp-content\/uploads\/2021\/11\/Fossaluzza-semi-auto-palletizer-load-former-2-1-800x531.jpg 800w, https:\/\/www.arapak.se\/wp-content\/uploads\/2021\/11\/Fossaluzza-semi-auto-palletizer-load-former-2-1-1024x680.jpg 1024w, https:\/\/www.arapak.se\/wp-content\/uploads\/2021\/11\/Fossaluzza-semi-auto-palletizer-load-former-2-1-1200x797.jpg 1200w, https:\/\/www.arapak.se\/wp-content\/uploads\/2021\/11\/Fossaluzza-semi-auto-palletizer-load-former-2-1-1536x1020.jpg 1536w\" sizes=\"(max-width: 388px) 100vw, 388px\" \/><\/p>\n<p>Avl\u00e4ggare\/stacker efter\u00a0 printer slotter eller rotationsstansar. Referens i Sverige.<\/p>\n<p>&nbsp;<\/p>\n<p><img decoding=\"async\" class=\"alignnone wp-image-10049\" src=\"https:\/\/www.arapak.se\/wp-content\/uploads\/2021\/11\/fossaluzza-stacker-1-150x116.jpg\" alt=\"\" width=\"411\" height=\"318\" srcset=\"https:\/\/www.arapak.se\/wp-content\/uploads\/2021\/11\/fossaluzza-stacker-1-150x116.jpg 150w, https:\/\/www.arapak.se\/wp-content\/uploads\/2021\/11\/fossaluzza-stacker-1-200x155.jpg 200w, https:\/\/www.arapak.se\/wp-content\/uploads\/2021\/11\/fossaluzza-stacker-1-300x233.jpg 300w, https:\/\/www.arapak.se\/wp-content\/uploads\/2021\/11\/fossaluzza-stacker-1-400x310.jpg 400w, https:\/\/www.arapak.se\/wp-content\/uploads\/2021\/11\/fossaluzza-stacker-1-500x388.jpg 500w, https:\/\/www.arapak.se\/wp-content\/uploads\/2021\/11\/fossaluzza-stacker-1-600x465.jpg 600w, https:\/\/www.arapak.se\/wp-content\/uploads\/2021\/11\/fossaluzza-stacker-1-700x543.jpg 700w, https:\/\/www.arapak.se\/wp-content\/uploads\/2021\/11\/fossaluzza-stacker-1-800x621.jpg 800w, https:\/\/www.arapak.se\/wp-content\/uploads\/2021\/11\/fossaluzza-stacker-1-1024x794.jpg 1024w, https:\/\/www.arapak.se\/wp-content\/uploads\/2021\/11\/fossaluzza-stacker-1-1200x931.jpg 1200w, https:\/\/www.arapak.se\/wp-content\/uploads\/2021\/11\/fossaluzza-stacker-1-1536x1191.jpg 1536w\" sizes=\"(max-width: 411px) 100vw, 411px\" \/><\/p>\n<p>M\u00e5nga andra maskintyper s\u00e5som breakers och pallhantering<\/p>\n<\/div><\/div><\/div><\/div><\/div>\n","protected":false},"excerpt":{"rendered":"","protected":false},"author":1,"featured_media":0,"parent":0,"menu_order":0,"comment_status":"closed","ping_status":"closed","template":"","meta":{"footnotes":""},"class_list":["post-10051","page","type-page","status-publish","hentry"],"yoast_head":"<!-- This site is optimized with the Yoast SEO plugin v23.8 - https:\/\/yoast.com\/wordpress\/plugins\/seo\/ -->\n<title>Fossaluzza- materialhantering f\u00f6r wellpappindustrin - Arapak<\/title>\n<meta name=\"description\" content=\"Fossaluzza- Il\u00e4ggare, avl\u00e4ggare, palletiserare. Prisv\u00e4rda och effektiva utrustningar f\u00f6r materialhantering inom wellpappindustrin.\" \/>\n<meta name=\"robots\" content=\"index, follow, max-snippet:-1, max-image-preview:large, max-video-preview:-1\" \/>\n<link rel=\"canonical\" href=\"https:\/\/www.arapak.se\/sv\/fossaluzza-materialhantering-for-wellpappindustrin\/\" \/>\n<meta property=\"og:locale\" content=\"sv_SE\" \/>\n<meta property=\"og:type\" content=\"article\" \/>\n<meta property=\"og:title\" content=\"Fossaluzza- materialhantering f\u00f6r wellpappindustrin - Arapak\" \/>\n<meta property=\"og:description\" content=\"Fossaluzza- Il\u00e4ggare, avl\u00e4ggare, palletiserare. Prisv\u00e4rda och effektiva utrustningar f\u00f6r materialhantering inom wellpappindustrin.\" \/>\n<meta property=\"og:url\" content=\"https:\/\/www.arapak.se\/sv\/fossaluzza-materialhantering-for-wellpappindustrin\/\" \/>\n<meta property=\"og:site_name\" content=\"Arapak\" \/>\n<meta property=\"article:modified_time\" content=\"2023-06-02T05:09:58+00:00\" \/>\n<meta property=\"og:image\" content=\"https:\/\/www.arapak.se\/wp-content\/uploads\/2021\/11\/Fossaluzza-prefeeder-star-1-150x88.jpg\" \/>\n<meta name=\"twitter:card\" content=\"summary_large_image\" \/>\n<meta name=\"twitter:label1\" content=\"Ber\u00e4knad l\u00e4stid\" \/>\n\t<meta name=\"twitter:data1\" content=\"2 minuter\" \/>\n<script type=\"application\/ld+json\" class=\"yoast-schema-graph\">{\"@context\":\"https:\/\/schema.org\",\"@graph\":[{\"@type\":\"WebPage\",\"@id\":\"https:\/\/www.arapak.se\/sv\/fossaluzza-materialhantering-for-wellpappindustrin\/\",\"url\":\"https:\/\/www.arapak.se\/sv\/fossaluzza-materialhantering-for-wellpappindustrin\/\",\"name\":\"Fossaluzza- materialhantering f\u00f6r wellpappindustrin - Arapak\",\"isPartOf\":{\"@id\":\"https:\/\/www.arapak.se\/#website\"},\"primaryImageOfPage\":{\"@id\":\"https:\/\/www.arapak.se\/sv\/fossaluzza-materialhantering-for-wellpappindustrin\/#primaryimage\"},\"image\":{\"@id\":\"https:\/\/www.arapak.se\/sv\/fossaluzza-materialhantering-for-wellpappindustrin\/#primaryimage\"},\"thumbnailUrl\":\"https:\/\/www.arapak.se\/wp-content\/uploads\/2021\/11\/Fossaluzza-prefeeder-star-1-150x88.jpg\",\"datePublished\":\"2021-11-19T06:40:12+00:00\",\"dateModified\":\"2023-06-02T05:09:58+00:00\",\"description\":\"Fossaluzza- Il\u00e4ggare, avl\u00e4ggare, palletiserare. Prisv\u00e4rda och effektiva utrustningar f\u00f6r materialhantering inom wellpappindustrin.\",\"breadcrumb\":{\"@id\":\"https:\/\/www.arapak.se\/sv\/fossaluzza-materialhantering-for-wellpappindustrin\/#breadcrumb\"},\"inLanguage\":\"sv-SE\",\"potentialAction\":[{\"@type\":\"ReadAction\",\"target\":[\"https:\/\/www.arapak.se\/sv\/fossaluzza-materialhantering-for-wellpappindustrin\/\"]}]},{\"@type\":\"ImageObject\",\"inLanguage\":\"sv-SE\",\"@id\":\"https:\/\/www.arapak.se\/sv\/fossaluzza-materialhantering-for-wellpappindustrin\/#primaryimage\",\"url\":\"https:\/\/www.arapak.se\/wp-content\/uploads\/2021\/11\/Fossaluzza-prefeeder-star-1-150x88.jpg\",\"contentUrl\":\"https:\/\/www.arapak.se\/wp-content\/uploads\/2021\/11\/Fossaluzza-prefeeder-star-1-150x88.jpg\"},{\"@type\":\"BreadcrumbList\",\"@id\":\"https:\/\/www.arapak.se\/sv\/fossaluzza-materialhantering-for-wellpappindustrin\/#breadcrumb\",\"itemListElement\":[{\"@type\":\"ListItem\",\"position\":1,\"name\":\"Home\",\"item\":\"https:\/\/www.arapak.se\/sv\/\"},{\"@type\":\"ListItem\",\"position\":2,\"name\":\"Fossaluzza- materialhantering f\u00f6r wellpappindustrin\"}]},{\"@type\":\"WebSite\",\"@id\":\"https:\/\/www.arapak.se\/#website\",\"url\":\"https:\/\/www.arapak.se\/\",\"name\":\"Arapak\",\"description\":\"New and second hand machines for the converting of Paper, Foil, Folding Carton and Corrugated.\",\"potentialAction\":[{\"@type\":\"SearchAction\",\"target\":{\"@type\":\"EntryPoint\",\"urlTemplate\":\"https:\/\/www.arapak.se\/?s={search_term_string}\"},\"query-input\":{\"@type\":\"PropertyValueSpecification\",\"valueRequired\":true,\"valueName\":\"search_term_string\"}}],\"inLanguage\":\"sv-SE\"}]}<\/script>\n<!-- \/ Yoast SEO plugin. -->","yoast_head_json":{"title":"Fossaluzza- materialhantering f\u00f6r wellpappindustrin - Arapak","description":"Fossaluzza- Il\u00e4ggare, avl\u00e4ggare, palletiserare. Prisv\u00e4rda och effektiva utrustningar f\u00f6r materialhantering inom wellpappindustrin.","robots":{"index":"index","follow":"follow","max-snippet":"max-snippet:-1","max-image-preview":"max-image-preview:large","max-video-preview":"max-video-preview:-1"},"canonical":"https:\/\/www.arapak.se\/sv\/fossaluzza-materialhantering-for-wellpappindustrin\/","og_locale":"sv_SE","og_type":"article","og_title":"Fossaluzza- materialhantering f\u00f6r wellpappindustrin - Arapak","og_description":"Fossaluzza- Il\u00e4ggare, avl\u00e4ggare, palletiserare. Prisv\u00e4rda och effektiva utrustningar f\u00f6r materialhantering inom wellpappindustrin.","og_url":"https:\/\/www.arapak.se\/sv\/fossaluzza-materialhantering-for-wellpappindustrin\/","og_site_name":"Arapak","article_modified_time":"2023-06-02T05:09:58+00:00","og_image":[{"url":"https:\/\/www.arapak.se\/wp-content\/uploads\/2021\/11\/Fossaluzza-prefeeder-star-1-150x88.jpg"}],"twitter_card":"summary_large_image","twitter_misc":{"Ber\u00e4knad l\u00e4stid":"2 minuter"},"schema":{"@context":"https:\/\/schema.org","@graph":[{"@type":"WebPage","@id":"https:\/\/www.arapak.se\/sv\/fossaluzza-materialhantering-for-wellpappindustrin\/","url":"https:\/\/www.arapak.se\/sv\/fossaluzza-materialhantering-for-wellpappindustrin\/","name":"Fossaluzza- materialhantering f\u00f6r wellpappindustrin - Arapak","isPartOf":{"@id":"https:\/\/www.arapak.se\/#website"},"primaryImageOfPage":{"@id":"https:\/\/www.arapak.se\/sv\/fossaluzza-materialhantering-for-wellpappindustrin\/#primaryimage"},"image":{"@id":"https:\/\/www.arapak.se\/sv\/fossaluzza-materialhantering-for-wellpappindustrin\/#primaryimage"},"thumbnailUrl":"https:\/\/www.arapak.se\/wp-content\/uploads\/2021\/11\/Fossaluzza-prefeeder-star-1-150x88.jpg","datePublished":"2021-11-19T06:40:12+00:00","dateModified":"2023-06-02T05:09:58+00:00","description":"Fossaluzza- Il\u00e4ggare, avl\u00e4ggare, palletiserare. Prisv\u00e4rda och effektiva utrustningar f\u00f6r materialhantering inom wellpappindustrin.","breadcrumb":{"@id":"https:\/\/www.arapak.se\/sv\/fossaluzza-materialhantering-for-wellpappindustrin\/#breadcrumb"},"inLanguage":"sv-SE","potentialAction":[{"@type":"ReadAction","target":["https:\/\/www.arapak.se\/sv\/fossaluzza-materialhantering-for-wellpappindustrin\/"]}]},{"@type":"ImageObject","inLanguage":"sv-SE","@id":"https:\/\/www.arapak.se\/sv\/fossaluzza-materialhantering-for-wellpappindustrin\/#primaryimage","url":"https:\/\/www.arapak.se\/wp-content\/uploads\/2021\/11\/Fossaluzza-prefeeder-star-1-150x88.jpg","contentUrl":"https:\/\/www.arapak.se\/wp-content\/uploads\/2021\/11\/Fossaluzza-prefeeder-star-1-150x88.jpg"},{"@type":"BreadcrumbList","@id":"https:\/\/www.arapak.se\/sv\/fossaluzza-materialhantering-for-wellpappindustrin\/#breadcrumb","itemListElement":[{"@type":"ListItem","position":1,"name":"Home","item":"https:\/\/www.arapak.se\/sv\/"},{"@type":"ListItem","position":2,"name":"Fossaluzza- materialhantering f\u00f6r wellpappindustrin"}]},{"@type":"WebSite","@id":"https:\/\/www.arapak.se\/#website","url":"https:\/\/www.arapak.se\/","name":"Arapak","description":"New and second hand machines for the converting of Paper, Foil, Folding Carton and Corrugated.","potentialAction":[{"@type":"SearchAction","target":{"@type":"EntryPoint","urlTemplate":"https:\/\/www.arapak.se\/?s={search_term_string}"},"query-input":{"@type":"PropertyValueSpecification","valueRequired":true,"valueName":"search_term_string"}}],"inLanguage":"sv-SE"}]}},"_links":{"self":[{"href":"https:\/\/www.arapak.se\/sv\/wp-json\/wp\/v2\/pages\/10051","targetHints":{"allow":["GET"]}}],"collection":[{"href":"https:\/\/www.arapak.se\/sv\/wp-json\/wp\/v2\/pages"}],"about":[{"href":"https:\/\/www.arapak.se\/sv\/wp-json\/wp\/v2\/types\/page"}],"author":[{"embeddable":true,"href":"https:\/\/www.arapak.se\/sv\/wp-json\/wp\/v2\/users\/1"}],"replies":[{"embeddable":true,"href":"https:\/\/www.arapak.se\/sv\/wp-json\/wp\/v2\/comments?post=10051"}],"version-history":[{"count":5,"href":"https:\/\/www.arapak.se\/sv\/wp-json\/wp\/v2\/pages\/10051\/revisions"}],"predecessor-version":[{"id":12098,"href":"https:\/\/www.arapak.se\/sv\/wp-json\/wp\/v2\/pages\/10051\/revisions\/12098"}],"wp:attachment":[{"href":"https:\/\/www.arapak.se\/sv\/wp-json\/wp\/v2\/media?parent=10051"}],"curies":[{"name":"wp","href":"https:\/\/api.w.org\/{rel}","templated":true}]}}